{"id":874,"date":"2021-05-04T23:35:59","date_gmt":"2021-05-04T20:35:59","guid":{"rendered":"https:\/\/cleverpolymers.hostvimi.com\/pu-640-tc-1k\/"},"modified":"2023-07-24T17:22:33","modified_gmt":"2023-07-24T14:22:33","slug":"pu-640-tc-1k","status":"publish","type":"page","link":"https:\/\/www.cleverpolymers.com\/fr\/polyurethane-top-coats\/pu-640-tc-1k\/","title":{"rendered":"PU 640 TC-1K"},"content":{"rendered":"<div class=\"wpb-content-wrapper\"><p>[vc_row][vc_column]<div id=\"cz_79380\" class=\"cz_79380 cz_image clr cz_image_no_fx\"><div class=\"\" ><div class=\"cz_image_in\"><div class=\"cz_main_image\"><img fetchpriority=\"high\" decoding=\"async\" width=\"2000\" height=\"1125\" src=\"data:image\/svg+xml,%3Csvg%20xmlns%3D&#39;http%3A%2F%2Fwww.w3.org%2F2000%2Fsvg&#39;%20width=&#39;2000&#39;%20height=&#39;1125&#39;%20viewBox%3D&#39;0%200%202000%201125&#39;%2F%3E\" data-czlz data-src=\"https:\/\/www.cleverpolymers.com\/wp-content\/uploads\/2023\/07\/pu-640-tc-1k.jpg\" class=\"attachment-full\" alt=\"\" title=\"pu-640-tc-1k\" data-srcset=\"https:\/\/www.cleverpolymers.com\/wp-content\/uploads\/2023\/07\/pu-640-tc-1k.jpg 2000w, https:\/\/www.cleverpolymers.com\/wp-content\/uploads\/2023\/07\/pu-640-tc-1k-300x169.jpg 300w, https:\/\/www.cleverpolymers.com\/wp-content\/uploads\/2023\/07\/pu-640-tc-1k-1024x576.jpg 1024w, https:\/\/www.cleverpolymers.com\/wp-content\/uploads\/2023\/07\/pu-640-tc-1k-768x432.jpg 768w, https:\/\/www.cleverpolymers.com\/wp-content\/uploads\/2023\/07\/pu-640-tc-1k-1536x864.jpg 1536w, https:\/\/www.cleverpolymers.com\/wp-content\/uploads\/2023\/07\/pu-640-tc-1k-600x338.jpg 600w\" data-sizes=\"(max-width: 2000px) 100vw, 2000px\" \/><\/div><\/div><\/div><\/div><div class=\"cz_gap clr  hide_on_mobile\" style=\"height: 30px\"><\/div><div class=\"cz_gap show_on_mobile clr\" style=\"height: 15px\"><\/div><div class=\"\"><div class=\"cz_89797_p\"><a id=\"cz_89797\" class=\"cz_89797 cz_btn cz_btn_txt_no_fx cz_btn_no_fx cz_mobile_btn_center\" href=\"#\"><span><strong>Description<\/strong><\/span><b class=\"cz_btn_onhover\"><strong>Description<\/strong><\/b><\/a><\/div><\/div><div class=\"relative\"><div id=\"cz_65344\" class=\"cz_65344 cz_line tac\"><\/div><\/div><div class=\"clr\"><\/div><div class=\"cz_gap clr  hide_on_mobile\" style=\"height: 20px\"><\/div><div class=\"cz_gap show_on_mobile clr\" style=\"height: 15px\"><\/div><div id=\"cz_50464\" class=\"cz_50464 cz_title clr cz_title_pos_inline\"><div class=\"cz_title_content\"><div class=\"cz_wpe_content\"><p>La membrane de finition \u00e0 base de PU \u00e0 un composant, r\u00e9sistante aux UV et durcissant \u00e0 l&rsquo;humidit\u00e9, produit un film transparent avec un excellent adh\u00e9sif sur toute la surface.<\/p>\n<\/div><\/div><\/div><div class=\"cz_gap clr  hide_on_mobile\" style=\"height: 20px\"><\/div><div class=\"cz_gap show_on_mobile clr\" style=\"height: 15px\"><\/div>[vc_row_inner][vc_column_inner width=\u00a0\u00bb1\/2&Prime;]<div class=\"\"><div class=\"cz_19272_p\"><a id=\"cz_19272\" class=\"cz_19272 cz_btn cz_btn_txt_no_fx cz_btn_no_fx cz_mobile_btn_center\" href=\"#\"><span><strong>Applications typiques (utilisation)<\/strong><\/span><b class=\"cz_btn_onhover\"><strong>Applications typiques (utilisation)<\/strong><\/b><\/a><\/div><\/div><div class=\"relative\"><div id=\"cz_43399\" class=\"cz_43399 cz_line tac\"><\/div><\/div><div class=\"clr\"><\/div><div class=\"cz_gap clr  hide_on_mobile\" style=\"height: 20px\"><\/div><div class=\"cz_gap show_on_mobile clr\" style=\"height: 15px\"><\/div><ul id=\"cz_94992\" class=\"cz_94992 cz_stylish_list clr cz_sl_icon_hover_zoom_in\"><li class=\"clr\"><div class=\"cz_sl_icon\"><i class=\"fa czico-074-tick-inside-circle mr10\" ><\/i><\/div><div><span>R\u00e9sistance \u00e0 l'usure<\/span><\/div><\/li><li class=\"clr\"><div class=\"cz_sl_icon\"><i class=\"fa czico-074-tick-inside-circle mr10\" ><\/i><\/div><div><span>Toits, terrasses, balcons et v\u00e9randas<\/span><\/div><\/li><li class=\"clr\"><div class=\"cz_sl_icon\"><i class=\"fa czico-074-tick-inside-circle mr10\" ><\/i><\/div><div><span>Zones \u00e0 fort trafic pi\u00e9tonnier<\/span><\/div><\/li><li class=\"clr\"><div class=\"cz_sl_icon\"><i class=\"fa czico-074-tick-inside-circle mr10\" ><\/i><\/div><div><span>Stades, parking<\/span><\/div><\/li><li class=\"clr\"><div class=\"cz_sl_icon\"><i class=\"fa czico-074-tick-inside-circle mr10\" ><\/i><\/div><div><span>Int\u00e9rieur et ext\u00e9rieur<\/span><\/div><\/li><li class=\"clr\"><div class=\"cz_sl_icon\"><i class=\"fa czico-074-tick-inside-circle mr10\" ><\/i><\/div><div><span>Marble, Ceramic Surfaces<\/span><\/div><\/li><li class=\"clr\"><div class=\"cz_sl_icon\"><i class=\"fa czico-074-tick-inside-circle mr10\" ><\/i><\/div><div><span>Marbre, surfaces en c\u00e9ramique<\/span><\/div><\/li><li class=\"clr\"><div class=\"cz_sl_icon\"><i class=\"fa czico-074-tick-inside-circle mr10\" ><\/i><\/div><div><span>Pierres naturelles<\/span><\/div><\/li><\/ul><div class=\"cz_gap clr  hide_on_mobile\" style=\"height: 20px\"><\/div><div class=\"cz_gap show_on_mobile clr\" style=\"height: 25px\"><\/div>[\/vc_column_inner][vc_column_inner width=\u00a0\u00bb1\/2&Prime;]<div class=\"\"><div class=\"cz_75567_p\"><a id=\"cz_75567\" class=\"cz_75567 cz_btn cz_btn_txt_no_fx cz_btn_no_fx cz_mobile_btn_center\" href=\"#\"><span><strong>Emballage et couleurs<\/strong><\/span><b class=\"cz_btn_onhover\"><strong>Emballage et couleurs<\/strong><\/b><\/a><\/div><\/div><div class=\"relative\"><div id=\"cz_43399\" class=\"cz_43399 cz_line tac\"><\/div><\/div><div class=\"clr\"><\/div><div class=\"cz_gap clr  hide_on_mobile\" style=\"height: 20px\"><\/div><div class=\"cz_gap show_on_mobile clr\" style=\"height: 15px\"><\/div><div id=\"cz_69137\" class=\"cz_69137 cz_title clr cz_title_pos_inline\"><div class=\"cz_title_content\"><div class=\"cz_wpe_content\"><p>Seau scell\u00e9 de 4 Lt &#8211; 20 Lt.<br \/>\nCouleur transparente.<\/p>\n<\/div><\/div><\/div><div class=\"cz_gap clr  hide_on_mobile\" style=\"height: 20px\"><\/div><div class=\"cz_gap show_on_mobile clr\" style=\"height: 15px\"><\/div><div class=\"relative\"><div id=\"cz_43399\" class=\"cz_43399 cz_line tac\"><\/div><\/div><div class=\"clr\"><\/div><div class=\"cz_gap clr  hide_on_mobile\" style=\"height: 30px\"><\/div><div class=\"cz_gap show_on_mobile clr\" style=\"height: 15px\"><\/div><div class=\"cz_btn_block\"><div class=\"cz_69700_p\"><a id=\"cz_69700\" class=\"cz_69700 cz_btn cz_btn_txt_no_fx cz_btn_no_fx\" href=\"\/PDF\/URUNLER\/EN\/pu-640-tc-1k.pdf\" title=\"TDS\" aria-label=\"TDS\"><span><i class=\"fa czico-075-news\"><\/i><strong>DOCUMENT TECHNIQUE<\/strong><\/span><b class=\"cz_btn_onhover\"><i class=\"fa czico-075-news\"><\/i><strong>DOCUMENT TECHNIQUE<\/strong><\/b><\/a><\/div><\/div><div class=\"cz_gap clr \" style=\"height: 25px\"><\/div><div class=\"cz_btn_block\"><div class=\"cz_78534_p\"><a id=\"cz_78534\" class=\"cz_78534 cz_btn cz_btn_txt_no_fx cz_btn_no_fx\" href=\"\/fr\/contact\/\" title=\"Contact\" aria-label=\"Contact\"><span><i class=\"fa czico-088-envelope-of-white-paper\"><\/i><strong>CONTACTER<\/strong><\/span><b class=\"cz_btn_onhover\"><i class=\"fa czico-088-envelope-of-white-paper\"><\/i><strong>CONTACTER<\/strong><\/b><\/a><\/div><\/div>[\/vc_column_inner][\/vc_row_inner][\/vc_column][\/vc_row][vc_row][vc_column]<div class=\"cz_gap clr  hide_on_mobile\" style=\"height: 20px\"><\/div><div class=\"cz_gap show_on_mobile clr\" style=\"height: 25px\"><\/div><div class=\"relative\"><div id=\"cz_65344\" class=\"cz_65344 cz_line tac\"><\/div><\/div><div class=\"clr\"><\/div>[\/vc_column][\/vc_row][vc_row][vc_column][\/vc_column][\/vc_row]<\/p>\n<\/div>","protected":false},"excerpt":{"rendered":"<p>[vc_row][vc_column][ &#8230; <\/p>\n","protected":false},"author":2,"featured_media":1665,"parent":877,"menu_order":0,"comment_status":"closed","ping_status":"closed","template":"","meta":{"footnotes":""},"class_list":["post-874","page","type-page","status-publish","has-post-thumbnail","hentry"],"yoast_head":"<!-- This site is optimized with the Yoast SEO plugin v22.3 - https:\/\/yoast.com\/wordpress\/plugins\/seo\/ -->\n<title>PU 640 TC-1K &#187; Clever Polymers<\/title>\n<meta name=\"robots\" content=\"index, follow, max-snippet:-1, max-image-preview:large, max-video-preview:-1\" \/>\n<link rel=\"canonical\" href=\"https:\/\/www.cleverpolymers.com\/fr\/polyurethane-top-coats\/pu-640-tc-1k\/\" \/>\n<meta property=\"og:locale\" content=\"fr_FR\" \/>\n<meta property=\"og:type\" content=\"article\" \/>\n<meta property=\"og:title\" content=\"PU 640 TC-1K &#187; Clever Polymers\" \/>\n<meta property=\"og:description\" content=\"[vc_row][vc_column][ ...\" \/>\n<meta property=\"og:url\" content=\"https:\/\/www.cleverpolymers.com\/fr\/polyurethane-top-coats\/pu-640-tc-1k\/\" \/>\n<meta property=\"og:site_name\" content=\"Clever Polymers\" \/>\n<meta property=\"article:modified_time\" content=\"2023-07-24T14:22:33+00:00\" \/>\n<meta property=\"og:image\" content=\"https:\/\/www.cleverpolymers.com\/wp-content\/uploads\/2023\/07\/pu-640-tc-1k.jpg\" \/>\n\t<meta property=\"og:image:width\" content=\"2000\" \/>\n\t<meta property=\"og:image:height\" content=\"1125\" \/>\n\t<meta property=\"og:image:type\" content=\"image\/jpeg\" \/>\n<meta name=\"twitter:card\" content=\"summary_large_image\" \/>\n<meta name=\"twitter:label1\" content=\"Dur\u00e9e de lecture estim\u00e9e\" \/>\n\t<meta name=\"twitter:data1\" content=\"3 minutes\" \/>\n<script type=\"application\/ld+json\" class=\"yoast-schema-graph\">{\"@context\":\"https:\/\/schema.org\",\"@graph\":[{\"@type\":\"WebPage\",\"@id\":\"https:\/\/www.cleverpolymers.com\/fr\/polyurethane-top-coats\/pu-640-tc-1k\/\",\"url\":\"https:\/\/www.cleverpolymers.com\/fr\/polyurethane-top-coats\/pu-640-tc-1k\/\",\"name\":\"PU 640 TC-1K &#187; Clever Polymers\",\"isPartOf\":{\"@id\":\"https:\/\/www.cleverpolymers.com\/#website\"},\"primaryImageOfPage\":{\"@id\":\"https:\/\/www.cleverpolymers.com\/fr\/polyurethane-top-coats\/pu-640-tc-1k\/#primaryimage\"},\"image\":{\"@id\":\"https:\/\/www.cleverpolymers.com\/fr\/polyurethane-top-coats\/pu-640-tc-1k\/#primaryimage\"},\"thumbnailUrl\":\"https:\/\/www.cleverpolymers.com\/wp-content\/uploads\/2023\/07\/pu-640-tc-1k.jpg\",\"datePublished\":\"2021-05-04T20:35:59+00:00\",\"dateModified\":\"2023-07-24T14:22:33+00:00\",\"breadcrumb\":{\"@id\":\"https:\/\/www.cleverpolymers.com\/fr\/polyurethane-top-coats\/pu-640-tc-1k\/#breadcrumb\"},\"inLanguage\":\"fr-FR\",\"potentialAction\":[{\"@type\":\"ReadAction\",\"target\":[\"https:\/\/www.cleverpolymers.com\/fr\/polyurethane-top-coats\/pu-640-tc-1k\/\"]}]},{\"@type\":\"ImageObject\",\"inLanguage\":\"fr-FR\",\"@id\":\"https:\/\/www.cleverpolymers.com\/fr\/polyurethane-top-coats\/pu-640-tc-1k\/#primaryimage\",\"url\":\"https:\/\/www.cleverpolymers.com\/wp-content\/uploads\/2023\/07\/pu-640-tc-1k.jpg\",\"contentUrl\":\"https:\/\/www.cleverpolymers.com\/wp-content\/uploads\/2023\/07\/pu-640-tc-1k.jpg\",\"width\":2000,\"height\":1125},{\"@type\":\"BreadcrumbList\",\"@id\":\"https:\/\/www.cleverpolymers.com\/fr\/polyurethane-top-coats\/pu-640-tc-1k\/#breadcrumb\",\"itemListElement\":[{\"@type\":\"ListItem\",\"position\":1,\"name\":\"Anasayfa\",\"item\":\"https:\/\/www.cleverpolymers.com\/fr\/\"},{\"@type\":\"ListItem\",\"position\":2,\"name\":\"Rev\u00eatements en Polyur\u00e9thane\",\"item\":\"https:\/\/www.cleverpolymers.com\/fr\/polyurethane-top-coats\/\"},{\"@type\":\"ListItem\",\"position\":3,\"name\":\"PU 640 TC-1K\"}]},{\"@type\":\"WebSite\",\"@id\":\"https:\/\/www.cleverpolymers.com\/#website\",\"url\":\"https:\/\/www.cleverpolymers.com\/\",\"name\":\"Clever Polymers\",\"description\":\"\",\"potentialAction\":[{\"@type\":\"SearchAction\",\"target\":{\"@type\":\"EntryPoint\",\"urlTemplate\":\"https:\/\/www.cleverpolymers.com\/?s={search_term_string}\"},\"query-input\":\"required name=search_term_string\"}],\"inLanguage\":\"fr-FR\"}]}<\/script>\n<!-- \/ Yoast SEO plugin. -->","yoast_head_json":{"title":"PU 640 TC-1K &#187; Clever Polymers","robots":{"index":"index","follow":"follow","max-snippet":"max-snippet:-1","max-image-preview":"max-image-preview:large","max-video-preview":"max-video-preview:-1"},"canonical":"https:\/\/www.cleverpolymers.com\/fr\/polyurethane-top-coats\/pu-640-tc-1k\/","og_locale":"fr_FR","og_type":"article","og_title":"PU 640 TC-1K &#187; Clever Polymers","og_description":"[vc_row][vc_column][ ...","og_url":"https:\/\/www.cleverpolymers.com\/fr\/polyurethane-top-coats\/pu-640-tc-1k\/","og_site_name":"Clever Polymers","article_modified_time":"2023-07-24T14:22:33+00:00","og_image":[{"width":2000,"height":1125,"url":"https:\/\/www.cleverpolymers.com\/wp-content\/uploads\/2023\/07\/pu-640-tc-1k.jpg","type":"image\/jpeg"}],"twitter_card":"summary_large_image","twitter_misc":{"Dur\u00e9e de lecture estim\u00e9e":"3 minutes"},"schema":{"@context":"https:\/\/schema.org","@graph":[{"@type":"WebPage","@id":"https:\/\/www.cleverpolymers.com\/fr\/polyurethane-top-coats\/pu-640-tc-1k\/","url":"https:\/\/www.cleverpolymers.com\/fr\/polyurethane-top-coats\/pu-640-tc-1k\/","name":"PU 640 TC-1K &#187; Clever Polymers","isPartOf":{"@id":"https:\/\/www.cleverpolymers.com\/#website"},"primaryImageOfPage":{"@id":"https:\/\/www.cleverpolymers.com\/fr\/polyurethane-top-coats\/pu-640-tc-1k\/#primaryimage"},"image":{"@id":"https:\/\/www.cleverpolymers.com\/fr\/polyurethane-top-coats\/pu-640-tc-1k\/#primaryimage"},"thumbnailUrl":"https:\/\/www.cleverpolymers.com\/wp-content\/uploads\/2023\/07\/pu-640-tc-1k.jpg","datePublished":"2021-05-04T20:35:59+00:00","dateModified":"2023-07-24T14:22:33+00:00","breadcrumb":{"@id":"https:\/\/www.cleverpolymers.com\/fr\/polyurethane-top-coats\/pu-640-tc-1k\/#breadcrumb"},"inLanguage":"fr-FR","potentialAction":[{"@type":"ReadAction","target":["https:\/\/www.cleverpolymers.com\/fr\/polyurethane-top-coats\/pu-640-tc-1k\/"]}]},{"@type":"ImageObject","inLanguage":"fr-FR","@id":"https:\/\/www.cleverpolymers.com\/fr\/polyurethane-top-coats\/pu-640-tc-1k\/#primaryimage","url":"https:\/\/www.cleverpolymers.com\/wp-content\/uploads\/2023\/07\/pu-640-tc-1k.jpg","contentUrl":"https:\/\/www.cleverpolymers.com\/wp-content\/uploads\/2023\/07\/pu-640-tc-1k.jpg","width":2000,"height":1125},{"@type":"BreadcrumbList","@id":"https:\/\/www.cleverpolymers.com\/fr\/polyurethane-top-coats\/pu-640-tc-1k\/#breadcrumb","itemListElement":[{"@type":"ListItem","position":1,"name":"Anasayfa","item":"https:\/\/www.cleverpolymers.com\/fr\/"},{"@type":"ListItem","position":2,"name":"Rev\u00eatements en Polyur\u00e9thane","item":"https:\/\/www.cleverpolymers.com\/fr\/polyurethane-top-coats\/"},{"@type":"ListItem","position":3,"name":"PU 640 TC-1K"}]},{"@type":"WebSite","@id":"https:\/\/www.cleverpolymers.com\/#website","url":"https:\/\/www.cleverpolymers.com\/","name":"Clever Polymers","description":"","potentialAction":[{"@type":"SearchAction","target":{"@type":"EntryPoint","urlTemplate":"https:\/\/www.cleverpolymers.com\/?s={search_term_string}"},"query-input":"required name=search_term_string"}],"inLanguage":"fr-FR"}]}},"_links":{"self":[{"href":"https:\/\/www.cleverpolymers.com\/fr\/wp-json\/wp\/v2\/pages\/874","targetHints":{"allow":["GET"]}}],"collection":[{"href":"https:\/\/www.cleverpolymers.com\/fr\/wp-json\/wp\/v2\/pages"}],"about":[{"href":"https:\/\/www.cleverpolymers.com\/fr\/wp-json\/wp\/v2\/types\/page"}],"author":[{"embeddable":true,"href":"https:\/\/www.cleverpolymers.com\/fr\/wp-json\/wp\/v2\/users\/2"}],"replies":[{"embeddable":true,"href":"https:\/\/www.cleverpolymers.com\/fr\/wp-json\/wp\/v2\/comments?post=874"}],"version-history":[{"count":0,"href":"https:\/\/www.cleverpolymers.com\/fr\/wp-json\/wp\/v2\/pages\/874\/revisions"}],"up":[{"embeddable":true,"href":"https:\/\/www.cleverpolymers.com\/fr\/wp-json\/wp\/v2\/pages\/877"}],"wp:featuredmedia":[{"embeddable":true,"href":"https:\/\/www.cleverpolymers.com\/fr\/wp-json\/wp\/v2\/media\/1665"}],"wp:attachment":[{"href":"https:\/\/www.cleverpolymers.com\/fr\/wp-json\/wp\/v2\/media?parent=874"}],"curies":[{"name":"wp","href":"https:\/\/api.w.org\/{rel}","templated":true}]}}