{"id":829,"date":"2021-05-04T23:04:49","date_gmt":"2021-05-04T20:04:49","guid":{"rendered":"https:\/\/cleverpolymers.hostvimi.com\/products-en\/"},"modified":"2021-10-14T20:51:06","modified_gmt":"2021-10-14T17:51:06","slug":"products-fr","status":"publish","type":"page","link":"https:\/\/www.cleverpolymers.com\/fr\/products-fr\/","title":{"rendered":"Products &#8211; FR"},"content":{"rendered":"<div class=\"wpb-content-wrapper\"><p>[vc_row][vc_column]<div class=\"cz_btn_block\"><div class=\"cz_85755_p\"><a id=\"cz_85755\" class=\"cz_85755 cz_btn cz_btn_txt_no_fx cz_btn_no_fx\" href=\"\/fr\/poliuretan-su-yalitimi-urunleri\/\"><span><i class=\"far fa-dot-circle\"><\/i><strong>Membranes d'\u00c9tanch\u00e9it\u00e9 en Polyur\u00e9thane<\/strong><\/span><b class=\"cz_btn_onhover\"><i class=\"far fa-dot-circle\"><\/i><strong>Membranes d'\u00c9tanch\u00e9it\u00e9 en Polyur\u00e9thane<\/strong><\/b><\/a><\/div><\/div><div class=\"cz_gap clr \" style=\"height: 15px\"><\/div><div class=\"cz_btn_block\"><div class=\"cz_70703_p\"><a id=\"cz_70703\" class=\"cz_70703 cz_btn cz_btn_txt_no_fx cz_btn_no_fx\" href=\"\/fr\/pud-cevreci-sistem\/\"><span><i class=\"far fa-dot-circle\"><\/i><strong>Syst\u00e8me Environnemental Pud<\/strong><\/span><b class=\"cz_btn_onhover\"><i class=\"far fa-dot-circle\"><\/i><strong>Syst\u00e8me Environnemental Pud<\/strong><\/b><\/a><\/div><\/div><div class=\"cz_gap clr \" style=\"height: 15px\"><\/div><div class=\"cz_btn_block\"><div class=\"cz_34773_p\"><a id=\"cz_34773\" class=\"cz_34773 cz_btn cz_btn_txt_no_fx cz_btn_no_fx\" href=\"\/fr\/polyurea-su-yalitim-urunleri\/\"><span><i class=\"far fa-dot-circle\"><\/i><strong>Membranes d'\u00c9tanch\u00e9it\u00e9 en Polyur\u00e9e<\/strong><\/span><b class=\"cz_btn_onhover\"><i class=\"far fa-dot-circle\"><\/i><strong>Membranes d'\u00c9tanch\u00e9it\u00e9 en Polyur\u00e9e<\/strong><\/b><\/a><\/div><\/div><div class=\"cz_gap clr \" style=\"height: 15px\"><\/div><div class=\"cz_btn_block\"><div class=\"cz_108861_p\"><a id=\"cz_108861\" class=\"cz_108861 cz_btn cz_btn_txt_no_fx cz_btn_no_fx\" href=\"\/fr\/bitum-esasli-su-yalitim-urunleri\/\"><span><i class=\"far fa-dot-circle\"><\/i><strong>Mat\u00e9riaux d'\u00c9tanch\u00e9it\u00e9 au Bitume<\/strong><\/span><b class=\"cz_btn_onhover\"><i class=\"far fa-dot-circle\"><\/i><strong>Mat\u00e9riaux d'\u00c9tanch\u00e9it\u00e9 au Bitume<\/strong><\/b><\/a><\/div><\/div><div class=\"cz_gap clr \" style=\"height: 15px\"><\/div><div class=\"cz_btn_block\"><div class=\"cz_110134_p\"><a id=\"cz_110134\" class=\"cz_110134 cz_btn cz_btn_txt_no_fx cz_btn_no_fx\" href=\"\/fr\/poliuretan-mastikler\/\"><span><i class=\"far fa-dot-circle\"><\/i><strong>Produits d'\u00e9tanch\u00e9it\u00e9 en Polyur\u00e9thane<\/strong><\/span><b class=\"cz_btn_onhover\"><i class=\"far fa-dot-circle\"><\/i><strong>Produits d'\u00e9tanch\u00e9it\u00e9 en Polyur\u00e9thane<\/strong><\/b><\/a><\/div><\/div><div class=\"cz_gap clr \" style=\"height: 15px\"><\/div><div class=\"cz_btn_block\"><div class=\"cz_90128_p\"><a id=\"cz_90128\" class=\"cz_90128 cz_btn cz_btn_txt_no_fx cz_btn_no_fx\" href=\"\/fr\/poliuretan-enjeksiyon\/\"><span><i class=\"far fa-dot-circle\"><\/i><strong>Injection de Polyur\u00e9thane<\/strong><\/span><b class=\"cz_btn_onhover\"><i class=\"far fa-dot-circle\"><\/i><strong>Injection de Polyur\u00e9thane<\/strong><\/b><\/a><\/div><\/div><div class=\"cz_gap clr \" style=\"height: 15px\"><\/div><div class=\"cz_btn_block\"><div class=\"cz_81371_p\"><a id=\"cz_81371\" class=\"cz_81371 cz_btn cz_btn_txt_no_fx cz_btn_no_fx\" href=\"\/fr\/poliuretan-astarlar\/\"><span><i class=\"far fa-dot-circle\"><\/i><strong>Appr\u00eats En Polyur\u00e9thane<\/strong><\/span><b class=\"cz_btn_onhover\"><i class=\"far fa-dot-circle\"><\/i><strong>Appr\u00eats En Polyur\u00e9thane<\/strong><\/b><\/a><\/div><\/div><div class=\"cz_gap clr \" style=\"height: 15px\"><\/div><div class=\"cz_btn_block\"><div class=\"cz_11320_p\"><a id=\"cz_11320\" class=\"cz_11320 cz_btn cz_btn_txt_no_fx cz_btn_no_fx\" href=\"\/fr\/epoksi-astarlar\/\"><span><i class=\"far fa-dot-circle\"><\/i><strong>Appr\u00eats \u00c9poxy<\/strong><\/span><b class=\"cz_btn_onhover\"><i class=\"far fa-dot-circle\"><\/i><strong>Appr\u00eats \u00c9poxy<\/strong><\/b><\/a><\/div><\/div><div class=\"cz_gap clr \" style=\"height: 15px\"><\/div><div class=\"cz_btn_block\"><div class=\"cz_95379_p\"><a id=\"cz_95379\" class=\"cz_95379 cz_btn cz_btn_txt_no_fx cz_btn_no_fx\" href=\"\/fr\/poliuretan-kaplamalar\/\"><span><i class=\"far fa-dot-circle\"><\/i><strong>Couches de Finition en Polyur\u00e9thane<\/strong><\/span><b class=\"cz_btn_onhover\"><i class=\"far fa-dot-circle\"><\/i><strong>Couches de Finition en Polyur\u00e9thane<\/strong><\/b><\/a><\/div><\/div><div class=\"cz_gap clr \" style=\"height: 15px\"><\/div><div class=\"cz_btn_block\"><div class=\"cz_90453_p\"><a id=\"cz_90453\" class=\"cz_90453 cz_btn cz_btn_txt_no_fx cz_btn_no_fx\" href=\"\/fr\/yardimci-urunler\/\"><span><i class=\"far fa-dot-circle\"><\/i><strong>Produits Compl\u00e9mentaires<\/strong><\/span><b class=\"cz_btn_onhover\"><i class=\"far fa-dot-circle\"><\/i><strong>Produits Compl\u00e9mentaires<\/strong><\/b><\/a><\/div><\/div><div class=\"cz_gap clr \" style=\"height: 30px\"><\/div>[vc_separator css=\u00a0\u00bb.vc_custom_1620155108022{margin-bottom: 20px !important;}\u00a0\u00bb]<div class=\"cz_btn_block\"><div class=\"cz_57287_p\"><a id=\"cz_57287\" class=\"cz_57287 cz_btn cz_btn_txt_no_fx cz_btn_no_fx\" href=\"\/PDF\/KATALOG\/FR\/Catalog.pdf\"><span><i class=\"fa czico-075-news\"><\/i><strong>E-CATALOGUE<\/strong><\/span><b class=\"cz_btn_onhover\"><i class=\"fa czico-075-news\"><\/i><strong>E-CATALOGUE<\/strong><\/b><\/a><\/div><\/div><div class=\"cz_gap clr \" style=\"height: 20px\"><\/div><div class=\"cz_btn_block\"><div class=\"cz_51267_p\"><a id=\"cz_51267\" class=\"cz_51267 cz_btn cz_btn_txt_no_fx cz_btn_no_fx\" href=\"\/fr\/urun-videolari\/\"><span><i class=\"fa czico-016-arrows-10\"><\/i><strong>VID\u00c9OS DE PRODUITS<\/strong><\/span><b class=\"cz_btn_onhover\"><i class=\"fa czico-016-arrows-10\"><\/i><strong>VID\u00c9OS DE PRODUITS<\/strong><\/b><\/a><\/div><\/div><div class=\"cz_gap clr \" style=\"height: 30px\"><\/div>[vc_separator css=\u00a0\u00bb.vc_custom_1620155625557{margin-bottom: 20px !important;}\u00a0\u00bb]<div class=\"cz_eqh cz_content_box_parent_fx  \"><div id=\"cz_74375\" class=\"cz_74375 cz_content_box clr\"><div class=\"cz_box_front clr\"><div class=\"cz_box_front_inner clr \"><span><\/span><div><div class=\"cz_btn_block\"><div class=\"cz_92113_p\"><a id=\"cz_92113\" class=\"cz_92113 cz_btn cz_btn_txt_no_fx cz_btn_no_fx\" href=\"\/fr\/iletisim\/\"><span><i class=\"fa czico-094-envelope\"><\/i><strong>CONTACT<\/strong><\/span><b class=\"cz_btn_onhover\"><i class=\"fa czico-094-envelope\"><\/i><strong>CONTACT<\/strong><\/b><\/a><\/div><\/div><\/div><\/div><\/div><\/div><\/div>[\/vc_column][\/vc_row]<\/p>\n<\/div>","protected":false},"excerpt":{"rendered":"<p>[vc_row][vc_column][ &#8230; <\/p>\n","protected":false},"author":2,"featured_media":0,"parent":0,"menu_order":0,"comment_status":"closed","ping_status":"closed","template":"","meta":{"footnotes":""},"class_list":["post-829","page","type-page","status-publish","hentry"],"yoast_head":"<!-- This site is optimized with the Yoast SEO plugin v22.3 - https:\/\/yoast.com\/wordpress\/plugins\/seo\/ -->\n<title>Products - FR &#187; Clever Polymers<\/title>\n<meta name=\"robots\" content=\"index, follow, max-snippet:-1, max-image-preview:large, max-video-preview:-1\" \/>\n<link rel=\"canonical\" href=\"https:\/\/www.cleverpolymers.com\/fr\/products-fr\/\" \/>\n<meta property=\"og:locale\" content=\"fr_FR\" \/>\n<meta property=\"og:type\" content=\"article\" \/>\n<meta property=\"og:title\" content=\"Products - FR &#187; Clever Polymers\" \/>\n<meta property=\"og:description\" content=\"[vc_row][vc_column][ ...\" \/>\n<meta property=\"og:url\" content=\"https:\/\/www.cleverpolymers.com\/fr\/products-fr\/\" \/>\n<meta property=\"og:site_name\" content=\"Clever Polymers\" \/>\n<meta property=\"article:modified_time\" content=\"2021-10-14T17:51:06+00:00\" \/>\n<meta name=\"twitter:card\" content=\"summary_large_image\" \/>\n<meta name=\"twitter:label1\" content=\"Dur\u00e9e de lecture estim\u00e9e\" \/>\n\t<meta name=\"twitter:data1\" content=\"3 minutes\" \/>\n<script type=\"application\/ld+json\" class=\"yoast-schema-graph\">{\"@context\":\"https:\/\/schema.org\",\"@graph\":[{\"@type\":\"WebPage\",\"@id\":\"https:\/\/www.cleverpolymers.com\/fr\/products-fr\/\",\"url\":\"https:\/\/www.cleverpolymers.com\/fr\/products-fr\/\",\"name\":\"Products - FR &#187; Clever Polymers\",\"isPartOf\":{\"@id\":\"https:\/\/www.cleverpolymers.com\/#website\"},\"datePublished\":\"2021-05-04T20:04:49+00:00\",\"dateModified\":\"2021-10-14T17:51:06+00:00\",\"breadcrumb\":{\"@id\":\"https:\/\/www.cleverpolymers.com\/fr\/products-fr\/#breadcrumb\"},\"inLanguage\":\"fr-FR\",\"potentialAction\":[{\"@type\":\"ReadAction\",\"target\":[\"https:\/\/www.cleverpolymers.com\/fr\/products-fr\/\"]}]},{\"@type\":\"BreadcrumbList\",\"@id\":\"https:\/\/www.cleverpolymers.com\/fr\/products-fr\/#breadcrumb\",\"itemListElement\":[{\"@type\":\"ListItem\",\"position\":1,\"name\":\"Anasayfa\",\"item\":\"https:\/\/www.cleverpolymers.com\/fr\/\"},{\"@type\":\"ListItem\",\"position\":2,\"name\":\"Products &#8211; FR\"}]},{\"@type\":\"WebSite\",\"@id\":\"https:\/\/www.cleverpolymers.com\/#website\",\"url\":\"https:\/\/www.cleverpolymers.com\/\",\"name\":\"Clever Polymers\",\"description\":\"\",\"potentialAction\":[{\"@type\":\"SearchAction\",\"target\":{\"@type\":\"EntryPoint\",\"urlTemplate\":\"https:\/\/www.cleverpolymers.com\/?s={search_term_string}\"},\"query-input\":\"required name=search_term_string\"}],\"inLanguage\":\"fr-FR\"}]}<\/script>\n<!-- \/ Yoast SEO plugin. -->","yoast_head_json":{"title":"Products - FR &#187; Clever Polymers","robots":{"index":"index","follow":"follow","max-snippet":"max-snippet:-1","max-image-preview":"max-image-preview:large","max-video-preview":"max-video-preview:-1"},"canonical":"https:\/\/www.cleverpolymers.com\/fr\/products-fr\/","og_locale":"fr_FR","og_type":"article","og_title":"Products - FR &#187; Clever Polymers","og_description":"[vc_row][vc_column][ ...","og_url":"https:\/\/www.cleverpolymers.com\/fr\/products-fr\/","og_site_name":"Clever Polymers","article_modified_time":"2021-10-14T17:51:06+00:00","twitter_card":"summary_large_image","twitter_misc":{"Dur\u00e9e de lecture estim\u00e9e":"3 minutes"},"schema":{"@context":"https:\/\/schema.org","@graph":[{"@type":"WebPage","@id":"https:\/\/www.cleverpolymers.com\/fr\/products-fr\/","url":"https:\/\/www.cleverpolymers.com\/fr\/products-fr\/","name":"Products - FR &#187; Clever Polymers","isPartOf":{"@id":"https:\/\/www.cleverpolymers.com\/#website"},"datePublished":"2021-05-04T20:04:49+00:00","dateModified":"2021-10-14T17:51:06+00:00","breadcrumb":{"@id":"https:\/\/www.cleverpolymers.com\/fr\/products-fr\/#breadcrumb"},"inLanguage":"fr-FR","potentialAction":[{"@type":"ReadAction","target":["https:\/\/www.cleverpolymers.com\/fr\/products-fr\/"]}]},{"@type":"BreadcrumbList","@id":"https:\/\/www.cleverpolymers.com\/fr\/products-fr\/#breadcrumb","itemListElement":[{"@type":"ListItem","position":1,"name":"Anasayfa","item":"https:\/\/www.cleverpolymers.com\/fr\/"},{"@type":"ListItem","position":2,"name":"Products &#8211; FR"}]},{"@type":"WebSite","@id":"https:\/\/www.cleverpolymers.com\/#website","url":"https:\/\/www.cleverpolymers.com\/","name":"Clever Polymers","description":"","potentialAction":[{"@type":"SearchAction","target":{"@type":"EntryPoint","urlTemplate":"https:\/\/www.cleverpolymers.com\/?s={search_term_string}"},"query-input":"required name=search_term_string"}],"inLanguage":"fr-FR"}]}},"_links":{"self":[{"href":"https:\/\/www.cleverpolymers.com\/fr\/wp-json\/wp\/v2\/pages\/829","targetHints":{"allow":["GET"]}}],"collection":[{"href":"https:\/\/www.cleverpolymers.com\/fr\/wp-json\/wp\/v2\/pages"}],"about":[{"href":"https:\/\/www.cleverpolymers.com\/fr\/wp-json\/wp\/v2\/types\/page"}],"author":[{"embeddable":true,"href":"https:\/\/www.cleverpolymers.com\/fr\/wp-json\/wp\/v2\/users\/2"}],"replies":[{"embeddable":true,"href":"https:\/\/www.cleverpolymers.com\/fr\/wp-json\/wp\/v2\/comments?post=829"}],"version-history":[{"count":0,"href":"https:\/\/www.cleverpolymers.com\/fr\/wp-json\/wp\/v2\/pages\/829\/revisions"}],"wp:attachment":[{"href":"https:\/\/www.cleverpolymers.com\/fr\/wp-json\/wp\/v2\/media?parent=829"}],"curies":[{"name":"wp","href":"https:\/\/api.w.org\/{rel}","templated":true}]}}