{"id":811,"date":"2021-05-04T01:04:33","date_gmt":"2021-05-03T22:04:33","guid":{"rendered":"https:\/\/cleverpolymers.hostvimi.com\/terraces-roofs-not-exposed\/"},"modified":"2023-07-24T17:48:41","modified_gmt":"2023-07-24T14:48:41","slug":"terraces-roofs-not-exposed","status":"publish","type":"page","link":"https:\/\/www.cleverpolymers.com\/fr\/terraces-roofs-not-exposed\/","title":{"rendered":"Terrasses \/ Toits &#8211; (Non Expos\u00e9s)"},"content":{"rendered":"<div class=\"wpb-content-wrapper\"><p>[vc_row][vc_column width=\u00a0\u00bb3\/4&Prime;]<div class=\"cz_btn_block\"><div class=\"cz_16712_p\"><a id=\"cz_16712\" class=\"cz_16712 cz_btn cz_btn_txt_no_fx cz_btn_no_fx\" href=\"#\"><span><strong>D\u00e9tails du Syst\u00e8me<\/strong><\/span><b class=\"cz_btn_onhover\"><strong>D\u00e9tails du Syst\u00e8me<\/strong><\/b><\/a><\/div><\/div><div class=\"cz_gap clr  hide_on_mobile\" style=\"height: 30px\"><\/div><div class=\"cz_gap show_on_mobile clr\" style=\"height: 15px\"><\/div><div id=\"cz_102236\" class=\"cz_102236 cz_image clr cz_image_no_fx center_on_mobile\"><div class=\"\" ><div class=\"cz_image_in\"><div class=\"cz_main_image\"><img fetchpriority=\"high\" decoding=\"async\" width=\"1061\" height=\"1500\" src=\"data:image\/svg+xml,%3Csvg%20xmlns%3D&#39;http%3A%2F%2Fwww.w3.org%2F2000%2Fsvg&#39;%20width=&#39;1061&#39;%20height=&#39;1500&#39;%20viewBox%3D&#39;0%200%201061%201500&#39;%2F%3E\" data-czlz data-src=\"https:\/\/www.cleverpolymers.com\/wp-content\/uploads\/2021\/05\/PU-130_Detay.jpeg\" class=\"attachment-full\" alt=\"\" title=\"PU-130_Detay\" data-srcset=\"https:\/\/www.cleverpolymers.com\/wp-content\/uploads\/2021\/05\/PU-130_Detay.jpeg 1061w, https:\/\/www.cleverpolymers.com\/wp-content\/uploads\/2021\/05\/PU-130_Detay-212x300.jpeg 212w, https:\/\/www.cleverpolymers.com\/wp-content\/uploads\/2021\/05\/PU-130_Detay-724x1024.jpeg 724w, https:\/\/www.cleverpolymers.com\/wp-content\/uploads\/2021\/05\/PU-130_Detay-768x1086.jpeg 768w, https:\/\/www.cleverpolymers.com\/wp-content\/uploads\/2021\/05\/PU-130_Detay-600x848.jpeg 600w\" data-sizes=\"(max-width: 1061px) 100vw, 1061px\" \/><\/div><\/div><\/div><\/div><div class=\"cz_gap clr  hide_on_mobile\" style=\"height: 30px\"><\/div><div class=\"cz_gap show_on_mobile clr\" style=\"height: 15px\"><\/div>[\/vc_column][vc_column width=\u00a0\u00bb1\/4&Prime;]<div class=\"cz_btn_block\"><div class=\"cz_29596_p\"><a id=\"cz_29596\" class=\"cz_29596 cz_btn cz_btn_txt_no_fx cz_btn_no_fx\" href=\"#\"><span><strong>Produits Utilis\u00e9s<\/strong><\/span><b class=\"cz_btn_onhover\"><strong>Produits Utilis\u00e9s<\/strong><\/b><\/a><\/div><\/div><div class=\"cz_gap clr  hide_on_mobile\" style=\"height: 30px\"><\/div><div class=\"cz_gap show_on_mobile clr\" style=\"height: 15px\"><\/div><div id=\"cz_44648\" class=\"cz_44648\"><div class=\"cz_grid cz_grid_1 clr cz_grid_c1 cz_grid_l1 cz_grid_1_no_icon cz_grid_1_no_desc cz_grid_1_bot tac cz_grid_zin cz_meta_all_center\" data-atts='{\"action\":\"cz_ajax_posts\",\"post_class\":\"cz_grid_item\",\"post__in\":[\"847\",\" 895\",\" 874\"],\"author__in\":null,\"nonce\":\"2658bc8aaf\",\"nonce_id\":\"cz_44648\",\"loadmore_end\":\"Not found more posts\",\"layout\":\"cz_grid_c1 cz_grid_l1\",\"hover\":\"cz_grid_1_no_icon cz_grid_1_no_desc\",\"image_size\":\"1000x1000\",\"subtitles\":\"%5B%7B%22t%22%3A%22date%22%7D%5D\",\"subtitle_pos\":\"\",\"icon\":\"\",\"el\":\"\",\"title_lenght\":\"\",\"cat_tax\":\"category\",\"cat\":\"\",\"cat_exclude\":\"\",\"tag_tax\":\"post_tag\",\"tag_id\":\"\",\"tag_exclude\":\"\",\"post_type\":\"page\",\"posts_per_page\":\"\",\"order\":\"ASC\",\"orderby\":\"date\",\"tilt_data\":null,\"svg_sizes\":[\"0\",\"0\"],\"img_fx\":\"cz_grid_shine\",\"custom_size\":\"1000x1000\",\"excerpt_rm\":false,\"title_tag\":\"h3\",\"s\":\"\",\"lang\":\"fr\"}' data-animation=\"cz_grid_anim_fade_in\"><div class=\"cz_grid_item cz_grid_first\"><\/div><div class=\"cz_grid_item\">Not found any posts in this category.<\/div><\/div><\/div>[\/vc_column][\/vc_row][vc_row][vc_column]<div class=\"cz_gap clr  hide_on_mobile\" style=\"height: 25px\"><\/div><div class=\"cz_gap show_on_mobile clr\" style=\"height: 15px\"><\/div><div class=\"relative\"><div id=\"cz_65344\" class=\"cz_65344 cz_line tac\"><\/div><\/div><div class=\"clr\"><\/div><div class=\"cz_gap clr  hide_on_mobile\" style=\"height: 25px\"><\/div><div class=\"cz_gap show_on_mobile clr\" style=\"height: 15px\"><\/div><div id=\"cz_30933\" class=\"cz_30933 cz_title clr cz_title_pos_inline\"><div class=\"cz_title_content\"><div class=\"cz_wpe_content\"><p>Les terrasses \/ toitures ont g\u00e9n\u00e9ralement des probl\u00e8mes de fuite en hiver. Des probl\u00e8mes similaires peuvent \u00eatre r\u00e9solus avec des membranes \u00e0 application liquide. Clever Polymers dispose de syst\u00e8mes d&rsquo;\u00e9tanch\u00e9it\u00e9 qui offrent des solutions aux probl\u00e8mes de fuite. Le b\u00e9ton de toiture peut \u00eatre appr\u00eat\u00e9 avec les groupes d&rsquo;appr\u00eat Clever Polymers. Apr\u00e8s le processus d&rsquo;application de la bande de joints, la membrane liquide Clever Pu Base 110 et la couche de finition Clever 640 TC doivent \u00eatre appliqu\u00e9es. Tous les produits offrent une utilisation pratique et se s\u00e8chent tr\u00e8s vite&#8230;<\/p>\n<\/div><\/div><\/div>[\/vc_column][\/vc_row]<\/p>\n<\/div>","protected":false},"excerpt":{"rendered":"<p>[vc_row][vc_column w &#8230; <\/p>\n","protected":false},"author":2,"featured_media":0,"parent":0,"menu_order":0,"comment_status":"closed","ping_status":"closed","template":"","meta":{"footnotes":""},"class_list":["post-811","page","type-page","status-publish","hentry"],"yoast_head":"<!-- This site is optimized with the Yoast SEO plugin v22.3 - https:\/\/yoast.com\/wordpress\/plugins\/seo\/ -->\n<title>Terrasses \/ Toits - (Non Expos\u00e9s) &#187; Clever Polymers<\/title>\n<meta name=\"robots\" content=\"index, follow, max-snippet:-1, max-image-preview:large, max-video-preview:-1\" \/>\n<link rel=\"canonical\" href=\"https:\/\/www.cleverpolymers.com\/fr\/terraces-roofs-not-exposed\/\" \/>\n<meta property=\"og:locale\" content=\"fr_FR\" \/>\n<meta property=\"og:type\" content=\"article\" \/>\n<meta property=\"og:title\" content=\"Terrasses \/ Toits - (Non Expos\u00e9s) &#187; Clever Polymers\" \/>\n<meta property=\"og:description\" content=\"[vc_row][vc_column w ...\" \/>\n<meta property=\"og:url\" content=\"https:\/\/www.cleverpolymers.com\/fr\/terraces-roofs-not-exposed\/\" \/>\n<meta property=\"og:site_name\" content=\"Clever Polymers\" \/>\n<meta property=\"article:modified_time\" content=\"2023-07-24T14:48:41+00:00\" \/>\n<meta name=\"twitter:card\" content=\"summary_large_image\" \/>\n<meta name=\"twitter:label1\" content=\"Dur\u00e9e de lecture estim\u00e9e\" \/>\n\t<meta name=\"twitter:data1\" content=\"2 minutes\" \/>\n<script type=\"application\/ld+json\" class=\"yoast-schema-graph\">{\"@context\":\"https:\/\/schema.org\",\"@graph\":[{\"@type\":\"WebPage\",\"@id\":\"https:\/\/www.cleverpolymers.com\/fr\/terraces-roofs-not-exposed\/\",\"url\":\"https:\/\/www.cleverpolymers.com\/fr\/terraces-roofs-not-exposed\/\",\"name\":\"Terrasses \/ Toits - (Non Expos\u00e9s) &#187; Clever Polymers\",\"isPartOf\":{\"@id\":\"https:\/\/www.cleverpolymers.com\/#website\"},\"datePublished\":\"2021-05-03T22:04:33+00:00\",\"dateModified\":\"2023-07-24T14:48:41+00:00\",\"breadcrumb\":{\"@id\":\"https:\/\/www.cleverpolymers.com\/fr\/terraces-roofs-not-exposed\/#breadcrumb\"},\"inLanguage\":\"fr-FR\",\"potentialAction\":[{\"@type\":\"ReadAction\",\"target\":[\"https:\/\/www.cleverpolymers.com\/fr\/terraces-roofs-not-exposed\/\"]}]},{\"@type\":\"BreadcrumbList\",\"@id\":\"https:\/\/www.cleverpolymers.com\/fr\/terraces-roofs-not-exposed\/#breadcrumb\",\"itemListElement\":[{\"@type\":\"ListItem\",\"position\":1,\"name\":\"Anasayfa\",\"item\":\"https:\/\/www.cleverpolymers.com\/fr\/\"},{\"@type\":\"ListItem\",\"position\":2,\"name\":\"Terrasses \/ Toits &#8211; (Non Expos\u00e9s)\"}]},{\"@type\":\"WebSite\",\"@id\":\"https:\/\/www.cleverpolymers.com\/#website\",\"url\":\"https:\/\/www.cleverpolymers.com\/\",\"name\":\"Clever Polymers\",\"description\":\"\",\"potentialAction\":[{\"@type\":\"SearchAction\",\"target\":{\"@type\":\"EntryPoint\",\"urlTemplate\":\"https:\/\/www.cleverpolymers.com\/?s={search_term_string}\"},\"query-input\":\"required name=search_term_string\"}],\"inLanguage\":\"fr-FR\"}]}<\/script>\n<!-- \/ Yoast SEO plugin. -->","yoast_head_json":{"title":"Terrasses \/ Toits - (Non Expos\u00e9s) &#187; Clever Polymers","robots":{"index":"index","follow":"follow","max-snippet":"max-snippet:-1","max-image-preview":"max-image-preview:large","max-video-preview":"max-video-preview:-1"},"canonical":"https:\/\/www.cleverpolymers.com\/fr\/terraces-roofs-not-exposed\/","og_locale":"fr_FR","og_type":"article","og_title":"Terrasses \/ Toits - (Non Expos\u00e9s) &#187; Clever Polymers","og_description":"[vc_row][vc_column w ...","og_url":"https:\/\/www.cleverpolymers.com\/fr\/terraces-roofs-not-exposed\/","og_site_name":"Clever Polymers","article_modified_time":"2023-07-24T14:48:41+00:00","twitter_card":"summary_large_image","twitter_misc":{"Dur\u00e9e de lecture estim\u00e9e":"2 minutes"},"schema":{"@context":"https:\/\/schema.org","@graph":[{"@type":"WebPage","@id":"https:\/\/www.cleverpolymers.com\/fr\/terraces-roofs-not-exposed\/","url":"https:\/\/www.cleverpolymers.com\/fr\/terraces-roofs-not-exposed\/","name":"Terrasses \/ Toits - (Non Expos\u00e9s) &#187; Clever Polymers","isPartOf":{"@id":"https:\/\/www.cleverpolymers.com\/#website"},"datePublished":"2021-05-03T22:04:33+00:00","dateModified":"2023-07-24T14:48:41+00:00","breadcrumb":{"@id":"https:\/\/www.cleverpolymers.com\/fr\/terraces-roofs-not-exposed\/#breadcrumb"},"inLanguage":"fr-FR","potentialAction":[{"@type":"ReadAction","target":["https:\/\/www.cleverpolymers.com\/fr\/terraces-roofs-not-exposed\/"]}]},{"@type":"BreadcrumbList","@id":"https:\/\/www.cleverpolymers.com\/fr\/terraces-roofs-not-exposed\/#breadcrumb","itemListElement":[{"@type":"ListItem","position":1,"name":"Anasayfa","item":"https:\/\/www.cleverpolymers.com\/fr\/"},{"@type":"ListItem","position":2,"name":"Terrasses \/ Toits &#8211; (Non Expos\u00e9s)"}]},{"@type":"WebSite","@id":"https:\/\/www.cleverpolymers.com\/#website","url":"https:\/\/www.cleverpolymers.com\/","name":"Clever Polymers","description":"","potentialAction":[{"@type":"SearchAction","target":{"@type":"EntryPoint","urlTemplate":"https:\/\/www.cleverpolymers.com\/?s={search_term_string}"},"query-input":"required name=search_term_string"}],"inLanguage":"fr-FR"}]}},"_links":{"self":[{"href":"https:\/\/www.cleverpolymers.com\/fr\/wp-json\/wp\/v2\/pages\/811","targetHints":{"allow":["GET"]}}],"collection":[{"href":"https:\/\/www.cleverpolymers.com\/fr\/wp-json\/wp\/v2\/pages"}],"about":[{"href":"https:\/\/www.cleverpolymers.com\/fr\/wp-json\/wp\/v2\/types\/page"}],"author":[{"embeddable":true,"href":"https:\/\/www.cleverpolymers.com\/fr\/wp-json\/wp\/v2\/users\/2"}],"replies":[{"embeddable":true,"href":"https:\/\/www.cleverpolymers.com\/fr\/wp-json\/wp\/v2\/comments?post=811"}],"version-history":[{"count":0,"href":"https:\/\/www.cleverpolymers.com\/fr\/wp-json\/wp\/v2\/pages\/811\/revisions"}],"wp:attachment":[{"href":"https:\/\/www.cleverpolymers.com\/fr\/wp-json\/wp\/v2\/media?parent=811"}],"curies":[{"name":"wp","href":"https:\/\/api.w.org\/{rel}","templated":true}]}}