{"id":802,"date":"2021-05-04T01:01:50","date_gmt":"2021-05-03T22:01:50","guid":{"rendered":"https:\/\/cleverpolymers.hostvimi.com\/water-tanks-ornamental-pools\/"},"modified":"2023-07-24T17:41:29","modified_gmt":"2023-07-24T14:41:29","slug":"water-tanks-ornamental-pools","status":"publish","type":"page","link":"https:\/\/www.cleverpolymers.com\/fr\/water-tanks-ornamental-pools\/","title":{"rendered":"Sous-sols, Murs de Sout\u00e8nement"},"content":{"rendered":"<div class=\"wpb-content-wrapper\"><p>[vc_row][vc_column width=\u00a0\u00bb3\/4&Prime;]<div class=\"cz_btn_block\"><div class=\"cz_19763_p\"><a id=\"cz_19763\" class=\"cz_19763 cz_btn cz_btn_txt_no_fx cz_btn_no_fx\" href=\"#\"><span><strong>D\u00e9tails du Syst\u00e8me<\/strong><\/span><b class=\"cz_btn_onhover\"><strong>D\u00e9tails du Syst\u00e8me<\/strong><\/b><\/a><\/div><\/div><div class=\"cz_gap clr  hide_on_mobile\" style=\"height: 30px\"><\/div><div class=\"cz_gap show_on_mobile clr\" style=\"height: 15px\"><\/div><div id=\"cz_13016\" class=\"cz_13016 cz_image clr cz_image_no_fx center_on_mobile\"><div class=\"\" ><div class=\"cz_image_in\"><div class=\"cz_main_image\"><img fetchpriority=\"high\" decoding=\"async\" width=\"1060\" height=\"1500\" src=\"data:image\/svg+xml,%3Csvg%20xmlns%3D&#39;http%3A%2F%2Fwww.w3.org%2F2000%2Fsvg&#39;%20width=&#39;1060&#39;%20height=&#39;1500&#39;%20viewBox%3D&#39;0%200%201060%201500&#39;%2F%3E\" data-czlz data-src=\"https:\/\/www.cleverpolymers.com\/wp-content\/uploads\/2021\/05\/2-KW-PU-Detay.jpeg\" class=\"attachment-full\" alt=\"\" title=\"2-KW-PU-Detay\" data-srcset=\"https:\/\/www.cleverpolymers.com\/wp-content\/uploads\/2021\/05\/2-KW-PU-Detay.jpeg 1060w, https:\/\/www.cleverpolymers.com\/wp-content\/uploads\/2021\/05\/2-KW-PU-Detay-212x300.jpeg 212w, https:\/\/www.cleverpolymers.com\/wp-content\/uploads\/2021\/05\/2-KW-PU-Detay-724x1024.jpeg 724w, https:\/\/www.cleverpolymers.com\/wp-content\/uploads\/2021\/05\/2-KW-PU-Detay-768x1087.jpeg 768w, https:\/\/www.cleverpolymers.com\/wp-content\/uploads\/2021\/05\/2-KW-PU-Detay-600x849.jpeg 600w\" data-sizes=\"(max-width: 1060px) 100vw, 1060px\" \/><\/div><\/div><\/div><\/div><div class=\"cz_gap clr  hide_on_mobile\" style=\"height: 30px\"><\/div><div class=\"cz_gap show_on_mobile clr\" style=\"height: 15px\"><\/div>[\/vc_column][vc_column width=\u00a0\u00bb1\/4&Prime;]<div class=\"cz_btn_block\"><div class=\"cz_59228_p\"><a id=\"cz_59228\" class=\"cz_59228 cz_btn cz_btn_txt_no_fx cz_btn_no_fx\" href=\"#\"><span><strong>Produits Utilis\u00e9s<\/strong><\/span><b class=\"cz_btn_onhover\"><strong>Produits Utilis\u00e9s<\/strong><\/b><\/a><\/div><\/div><div class=\"cz_gap clr  hide_on_mobile\" style=\"height: 30px\"><\/div><div class=\"cz_gap show_on_mobile clr\" style=\"height: 15px\"><\/div><div id=\"cz_108591\" class=\"cz_108591\"><div class=\"cz_grid cz_grid_1 clr cz_grid_c1 cz_grid_l1 cz_grid_1_no_icon cz_grid_1_no_desc cz_grid_1_bot tac cz_grid_zin cz_meta_all_center\" data-atts='{\"action\":\"cz_ajax_posts\",\"post_class\":\"cz_grid_item\",\"post__in\":[\"919\",\" 862\"],\"author__in\":null,\"nonce\":\"2dc21e80d4\",\"nonce_id\":\"cz_108591\",\"loadmore_end\":\"Not found more posts\",\"layout\":\"cz_grid_c1 cz_grid_l1\",\"hover\":\"cz_grid_1_no_icon cz_grid_1_no_desc\",\"image_size\":\"1000x1000\",\"subtitles\":\"%5B%7B%22t%22%3A%22date%22%7D%5D\",\"subtitle_pos\":\"\",\"icon\":\"\",\"el\":\"\",\"title_lenght\":\"\",\"cat_tax\":\"category\",\"cat\":\"\",\"cat_exclude\":\"\",\"tag_tax\":\"post_tag\",\"tag_id\":\"\",\"tag_exclude\":\"\",\"post_type\":\"page\",\"posts_per_page\":\"\",\"order\":\"DESC\",\"orderby\":\"date\",\"tilt_data\":null,\"svg_sizes\":[\"0\",\"0\"],\"img_fx\":\"cz_grid_shine\",\"custom_size\":\"1000x1000\",\"excerpt_rm\":false,\"title_tag\":\"h3\",\"s\":\"\",\"lang\":\"fr\"}' data-animation=\"cz_grid_anim_fade_in\"><div class=\"cz_grid_item cz_grid_first\"><\/div><div class=\"cz_grid_item\">Not found any posts in this category.<\/div><\/div><\/div>[\/vc_column][\/vc_row][vc_row][vc_column]<div class=\"relative\"><div id=\"cz_65344\" class=\"cz_65344 cz_line tac\"><\/div><\/div><div class=\"clr\"><\/div><div class=\"cz_gap clr  hide_on_mobile\" style=\"height: 25px\"><\/div><div class=\"cz_gap show_on_mobile clr\" style=\"height: 15px\"><\/div><div id=\"cz_76165\" class=\"cz_76165 cz_title clr cz_title_pos_inline\"><div class=\"cz_title_content\"><div class=\"cz_wpe_content\"><p>Les murs de sout\u00e8nement et le sous-sol sont confront\u00e9s \u00e0 des probl\u00e8mes de fuite et d&rsquo;isolation, ce qui entra\u00eenera \u00e9galement des probl\u00e8mes de corrosion. Pour imperm\u00e9abiliser et \u00e9viter les fuites des murs de sout\u00e8nement et des sous-sols, le syst\u00e8me de polyur\u00e9thane modifi\u00e9 au bitume Clever Pu Primer 300 -2K et Clever 400 BT 2K -1K doit \u00eatre utilis\u00e9. Le bon produit et l&rsquo;application aideront \u00e0 r\u00e9soudre les probl\u00e8mes d&rsquo;imperm\u00e9abilisation et de fuite. Le r\u00e9sultat est toujours positif pour une solution permanente.<\/p>\n<\/div><\/div><\/div>[\/vc_column][\/vc_row]<\/p>\n<\/div>","protected":false},"excerpt":{"rendered":"<p>[vc_row][vc_column w &#8230; <\/p>\n","protected":false},"author":2,"featured_media":0,"parent":0,"menu_order":0,"comment_status":"closed","ping_status":"closed","template":"","meta":{"footnotes":""},"class_list":["post-802","page","type-page","status-publish","hentry"],"yoast_head":"<!-- This site is optimized with the Yoast SEO plugin v22.3 - https:\/\/yoast.com\/wordpress\/plugins\/seo\/ -->\n<title>Sous-sols, Murs de Sout\u00e8nement &#187; Clever Polymers<\/title>\n<meta name=\"robots\" content=\"index, follow, max-snippet:-1, max-image-preview:large, max-video-preview:-1\" \/>\n<link rel=\"canonical\" href=\"https:\/\/www.cleverpolymers.com\/fr\/water-tanks-ornamental-pools\/\" \/>\n<meta property=\"og:locale\" content=\"fr_FR\" \/>\n<meta property=\"og:type\" content=\"article\" \/>\n<meta property=\"og:title\" content=\"Sous-sols, Murs de Sout\u00e8nement &#187; Clever Polymers\" \/>\n<meta property=\"og:description\" content=\"[vc_row][vc_column w ...\" \/>\n<meta property=\"og:url\" content=\"https:\/\/www.cleverpolymers.com\/fr\/water-tanks-ornamental-pools\/\" \/>\n<meta property=\"og:site_name\" content=\"Clever Polymers\" \/>\n<meta property=\"article:modified_time\" content=\"2023-07-24T14:41:29+00:00\" \/>\n<meta name=\"twitter:card\" content=\"summary_large_image\" \/>\n<meta name=\"twitter:label1\" content=\"Dur\u00e9e de lecture estim\u00e9e\" \/>\n\t<meta name=\"twitter:data1\" content=\"2 minutes\" \/>\n<script type=\"application\/ld+json\" class=\"yoast-schema-graph\">{\"@context\":\"https:\/\/schema.org\",\"@graph\":[{\"@type\":\"WebPage\",\"@id\":\"https:\/\/www.cleverpolymers.com\/fr\/water-tanks-ornamental-pools\/\",\"url\":\"https:\/\/www.cleverpolymers.com\/fr\/water-tanks-ornamental-pools\/\",\"name\":\"Sous-sols, Murs de Sout\u00e8nement &#187; Clever Polymers\",\"isPartOf\":{\"@id\":\"https:\/\/www.cleverpolymers.com\/#website\"},\"datePublished\":\"2021-05-03T22:01:50+00:00\",\"dateModified\":\"2023-07-24T14:41:29+00:00\",\"breadcrumb\":{\"@id\":\"https:\/\/www.cleverpolymers.com\/fr\/water-tanks-ornamental-pools\/#breadcrumb\"},\"inLanguage\":\"fr-FR\",\"potentialAction\":[{\"@type\":\"ReadAction\",\"target\":[\"https:\/\/www.cleverpolymers.com\/fr\/water-tanks-ornamental-pools\/\"]}]},{\"@type\":\"BreadcrumbList\",\"@id\":\"https:\/\/www.cleverpolymers.com\/fr\/water-tanks-ornamental-pools\/#breadcrumb\",\"itemListElement\":[{\"@type\":\"ListItem\",\"position\":1,\"name\":\"Anasayfa\",\"item\":\"https:\/\/www.cleverpolymers.com\/fr\/\"},{\"@type\":\"ListItem\",\"position\":2,\"name\":\"Sous-sols, Murs de Sout\u00e8nement\"}]},{\"@type\":\"WebSite\",\"@id\":\"https:\/\/www.cleverpolymers.com\/#website\",\"url\":\"https:\/\/www.cleverpolymers.com\/\",\"name\":\"Clever Polymers\",\"description\":\"\",\"potentialAction\":[{\"@type\":\"SearchAction\",\"target\":{\"@type\":\"EntryPoint\",\"urlTemplate\":\"https:\/\/www.cleverpolymers.com\/?s={search_term_string}\"},\"query-input\":\"required name=search_term_string\"}],\"inLanguage\":\"fr-FR\"}]}<\/script>\n<!-- \/ Yoast SEO plugin. -->","yoast_head_json":{"title":"Sous-sols, Murs de Sout\u00e8nement &#187; Clever Polymers","robots":{"index":"index","follow":"follow","max-snippet":"max-snippet:-1","max-image-preview":"max-image-preview:large","max-video-preview":"max-video-preview:-1"},"canonical":"https:\/\/www.cleverpolymers.com\/fr\/water-tanks-ornamental-pools\/","og_locale":"fr_FR","og_type":"article","og_title":"Sous-sols, Murs de Sout\u00e8nement &#187; Clever Polymers","og_description":"[vc_row][vc_column w ...","og_url":"https:\/\/www.cleverpolymers.com\/fr\/water-tanks-ornamental-pools\/","og_site_name":"Clever Polymers","article_modified_time":"2023-07-24T14:41:29+00:00","twitter_card":"summary_large_image","twitter_misc":{"Dur\u00e9e de lecture estim\u00e9e":"2 minutes"},"schema":{"@context":"https:\/\/schema.org","@graph":[{"@type":"WebPage","@id":"https:\/\/www.cleverpolymers.com\/fr\/water-tanks-ornamental-pools\/","url":"https:\/\/www.cleverpolymers.com\/fr\/water-tanks-ornamental-pools\/","name":"Sous-sols, Murs de Sout\u00e8nement &#187; Clever Polymers","isPartOf":{"@id":"https:\/\/www.cleverpolymers.com\/#website"},"datePublished":"2021-05-03T22:01:50+00:00","dateModified":"2023-07-24T14:41:29+00:00","breadcrumb":{"@id":"https:\/\/www.cleverpolymers.com\/fr\/water-tanks-ornamental-pools\/#breadcrumb"},"inLanguage":"fr-FR","potentialAction":[{"@type":"ReadAction","target":["https:\/\/www.cleverpolymers.com\/fr\/water-tanks-ornamental-pools\/"]}]},{"@type":"BreadcrumbList","@id":"https:\/\/www.cleverpolymers.com\/fr\/water-tanks-ornamental-pools\/#breadcrumb","itemListElement":[{"@type":"ListItem","position":1,"name":"Anasayfa","item":"https:\/\/www.cleverpolymers.com\/fr\/"},{"@type":"ListItem","position":2,"name":"Sous-sols, Murs de Sout\u00e8nement"}]},{"@type":"WebSite","@id":"https:\/\/www.cleverpolymers.com\/#website","url":"https:\/\/www.cleverpolymers.com\/","name":"Clever Polymers","description":"","potentialAction":[{"@type":"SearchAction","target":{"@type":"EntryPoint","urlTemplate":"https:\/\/www.cleverpolymers.com\/?s={search_term_string}"},"query-input":"required name=search_term_string"}],"inLanguage":"fr-FR"}]}},"_links":{"self":[{"href":"https:\/\/www.cleverpolymers.com\/fr\/wp-json\/wp\/v2\/pages\/802","targetHints":{"allow":["GET"]}}],"collection":[{"href":"https:\/\/www.cleverpolymers.com\/fr\/wp-json\/wp\/v2\/pages"}],"about":[{"href":"https:\/\/www.cleverpolymers.com\/fr\/wp-json\/wp\/v2\/types\/page"}],"author":[{"embeddable":true,"href":"https:\/\/www.cleverpolymers.com\/fr\/wp-json\/wp\/v2\/users\/2"}],"replies":[{"embeddable":true,"href":"https:\/\/www.cleverpolymers.com\/fr\/wp-json\/wp\/v2\/comments?post=802"}],"version-history":[{"count":0,"href":"https:\/\/www.cleverpolymers.com\/fr\/wp-json\/wp\/v2\/pages\/802\/revisions"}],"wp:attachment":[{"href":"https:\/\/www.cleverpolymers.com\/fr\/wp-json\/wp\/v2\/media?parent=802"}],"curies":[{"name":"wp","href":"https:\/\/api.w.org\/{rel}","templated":true}]}}