{"id":951,"date":"2021-05-04T00:48:56","date_gmt":"2021-05-03T21:48:56","guid":{"rendered":"https:\/\/cleverpolymers.hostvimi.com\/certificates\/"},"modified":"2023-07-26T10:06:46","modified_gmt":"2023-07-26T07:06:46","slug":"certificates","status":"publish","type":"page","link":"https:\/\/www.cleverpolymers.com\/es\/certificates\/","title":{"rendered":"Certificados"},"content":{"rendered":"<div class=\"wpb-content-wrapper\"><p>[vc_row][vc_column width=\u00bb1\/3&#8243;]<a href=\"\/PDF\/CERT\/EN\/2K-W-PU-EN.pdf\"><div id=\"cz_44791\" class=\"cz_44791 cz_image clr cz_image_zoom_in center_on_mobile\"><div class=\"\" ><div class=\"cz_image_in\"><div class=\"cz_main_image\"><img fetchpriority=\"high\" decoding=\"async\" width=\"750\" height=\"574\" src=\"data:image\/svg+xml,%3Csvg%20xmlns%3D&#39;http%3A%2F%2Fwww.w3.org%2F2000%2Fsvg&#39;%20width=&#39;750&#39;%20height=&#39;574&#39;%20viewBox%3D&#39;0%200%20750%20574&#39;%2F%3E\" data-czlz data-src=\"https:\/\/www.cleverpolymers.com\/wp-content\/uploads\/2023\/07\/2-kw-pu-report.jpg\" class=\"attachment-full\" alt=\"\" title=\"2-kw-pu-report\" data-srcset=\"https:\/\/www.cleverpolymers.com\/wp-content\/uploads\/2023\/07\/2-kw-pu-report.jpg 750w, https:\/\/www.cleverpolymers.com\/wp-content\/uploads\/2023\/07\/2-kw-pu-report-300x230.jpg 300w, https:\/\/www.cleverpolymers.com\/wp-content\/uploads\/2023\/07\/2-kw-pu-report-600x459.jpg 600w\" data-sizes=\"(max-width: 750px) 100vw, 750px\" \/><\/div><div class=\"cz_hover_image\"><img fetchpriority=\"high\" decoding=\"async\" width=\"750\" height=\"574\" src=\"data:image\/svg+xml,%3Csvg%20xmlns%3D&#39;http%3A%2F%2Fwww.w3.org%2F2000%2Fsvg&#39;%20width=&#39;750&#39;%20height=&#39;574&#39;%20viewBox%3D&#39;0%200%20750%20574&#39;%2F%3E\" data-czlz data-src=\"https:\/\/www.cleverpolymers.com\/wp-content\/uploads\/2023\/07\/2-kw-pu-report.jpg\" class=\"attachment-full\" alt=\"\" title=\"2-kw-pu-report\" data-srcset=\"https:\/\/www.cleverpolymers.com\/wp-content\/uploads\/2023\/07\/2-kw-pu-report.jpg 750w, https:\/\/www.cleverpolymers.com\/wp-content\/uploads\/2023\/07\/2-kw-pu-report-300x230.jpg 300w, https:\/\/www.cleverpolymers.com\/wp-content\/uploads\/2023\/07\/2-kw-pu-report-600x459.jpg 600w\" data-sizes=\"(max-width: 750px) 100vw, 750px\" \/><\/div><\/div><\/div><\/div><\/a><div class=\"cz_gap clr \" style=\"height: 30px\"><\/div><a href=\"\/PDF\/CERT\/TR\/iso-14001.pdf\"><div id=\"cz_46708\" class=\"cz_46708 cz_image clr cz_image_zoom_in center_on_mobile\"><div class=\"\" ><div class=\"cz_image_in\"><div class=\"cz_main_image\"><img decoding=\"async\" width=\"750\" height=\"574\" src=\"data:image\/svg+xml,%3Csvg%20xmlns%3D&#39;http%3A%2F%2Fwww.w3.org%2F2000%2Fsvg&#39;%20width=&#39;750&#39;%20height=&#39;574&#39;%20viewBox%3D&#39;0%200%20750%20574&#39;%2F%3E\" data-czlz data-src=\"https:\/\/www.cleverpolymers.com\/wp-content\/uploads\/2023\/07\/iso-14001.jpg\" class=\"attachment-full\" alt=\"\" title=\"iso-14001\" data-srcset=\"https:\/\/www.cleverpolymers.com\/wp-content\/uploads\/2023\/07\/iso-14001.jpg 750w, https:\/\/www.cleverpolymers.com\/wp-content\/uploads\/2023\/07\/iso-14001-300x230.jpg 300w, https:\/\/www.cleverpolymers.com\/wp-content\/uploads\/2023\/07\/iso-14001-600x459.jpg 600w\" data-sizes=\"(max-width: 750px) 100vw, 750px\" \/><\/div><div class=\"cz_hover_image\"><img decoding=\"async\" width=\"750\" height=\"574\" src=\"data:image\/svg+xml,%3Csvg%20xmlns%3D&#39;http%3A%2F%2Fwww.w3.org%2F2000%2Fsvg&#39;%20width=&#39;750&#39;%20height=&#39;574&#39;%20viewBox%3D&#39;0%200%20750%20574&#39;%2F%3E\" data-czlz data-src=\"https:\/\/www.cleverpolymers.com\/wp-content\/uploads\/2023\/07\/iso-14001.jpg\" class=\"attachment-full\" alt=\"\" title=\"iso-14001\" data-srcset=\"https:\/\/www.cleverpolymers.com\/wp-content\/uploads\/2023\/07\/iso-14001.jpg 750w, https:\/\/www.cleverpolymers.com\/wp-content\/uploads\/2023\/07\/iso-14001-300x230.jpg 300w, https:\/\/www.cleverpolymers.com\/wp-content\/uploads\/2023\/07\/iso-14001-600x459.jpg 600w\" data-sizes=\"(max-width: 750px) 100vw, 750px\" \/><\/div><\/div><\/div><\/div><\/a><div class=\"cz_gap clr \" style=\"height: 30px\"><\/div><a href=\"\/PDF\/CERT\/TR\/TSE-Bitum-2K.pdf\"><div id=\"cz_57136\" class=\"cz_57136 cz_image clr cz_image_zoom_in center_on_mobile\"><div class=\"\" ><div class=\"cz_image_in\"><div class=\"cz_main_image\"><img decoding=\"async\" width=\"750\" height=\"574\" src=\"data:image\/svg+xml,%3Csvg%20xmlns%3D&#39;http%3A%2F%2Fwww.w3.org%2F2000%2Fsvg&#39;%20width=&#39;750&#39;%20height=&#39;574&#39;%20viewBox%3D&#39;0%200%20750%20574&#39;%2F%3E\" data-czlz data-src=\"https:\/\/www.cleverpolymers.com\/wp-content\/uploads\/2023\/07\/tse-bitum-2k.jpg\" class=\"attachment-full\" alt=\"\" title=\"tse-bit\u00fcm-2k\" data-srcset=\"https:\/\/www.cleverpolymers.com\/wp-content\/uploads\/2023\/07\/tse-bitum-2k.jpg 750w, https:\/\/www.cleverpolymers.com\/wp-content\/uploads\/2023\/07\/tse-bitum-2k-300x230.jpg 300w, https:\/\/www.cleverpolymers.com\/wp-content\/uploads\/2023\/07\/tse-bitum-2k-600x459.jpg 600w\" data-sizes=\"(max-width: 750px) 100vw, 750px\" \/><\/div><div class=\"cz_hover_image\"><img decoding=\"async\" width=\"750\" height=\"574\" src=\"data:image\/svg+xml,%3Csvg%20xmlns%3D&#39;http%3A%2F%2Fwww.w3.org%2F2000%2Fsvg&#39;%20width=&#39;750&#39;%20height=&#39;574&#39;%20viewBox%3D&#39;0%200%20750%20574&#39;%2F%3E\" data-czlz data-src=\"https:\/\/www.cleverpolymers.com\/wp-content\/uploads\/2023\/07\/tse-bitum-2k.jpg\" class=\"attachment-full\" alt=\"\" title=\"tse-bit\u00fcm-2k\" data-srcset=\"https:\/\/www.cleverpolymers.com\/wp-content\/uploads\/2023\/07\/tse-bitum-2k.jpg 750w, https:\/\/www.cleverpolymers.com\/wp-content\/uploads\/2023\/07\/tse-bitum-2k-300x230.jpg 300w, https:\/\/www.cleverpolymers.com\/wp-content\/uploads\/2023\/07\/tse-bitum-2k-600x459.jpg 600w\" data-sizes=\"(max-width: 750px) 100vw, 750px\" \/><\/div><\/div><\/div><\/div><\/a><div class=\"cz_gap clr \" style=\"height: 30px\"><\/div><a href=\"\/PDF\/CERT\/TR\/400-BT.pdf\"><div id=\"cz_22816\" class=\"cz_22816 cz_image clr cz_image_zoom_in center_on_mobile\"><div class=\"\" ><div class=\"cz_image_in\"><div class=\"cz_main_image\"><img loading=\"lazy\" decoding=\"async\" width=\"750\" height=\"574\" src=\"data:image\/svg+xml,%3Csvg%20xmlns%3D&#39;http%3A%2F%2Fwww.w3.org%2F2000%2Fsvg&#39;%20width=&#39;750&#39;%20height=&#39;574&#39;%20viewBox%3D&#39;0%200%20750%20574&#39;%2F%3E\" data-czlz data-src=\"https:\/\/www.cleverpolymers.com\/wp-content\/uploads\/2023\/07\/400-bt-test-report.jpg\" class=\"attachment-full\" alt=\"\" title=\"400-bt-test-report\" data-srcset=\"https:\/\/www.cleverpolymers.com\/wp-content\/uploads\/2023\/07\/400-bt-test-report.jpg 750w, https:\/\/www.cleverpolymers.com\/wp-content\/uploads\/2023\/07\/400-bt-test-report-300x230.jpg 300w, https:\/\/www.cleverpolymers.com\/wp-content\/uploads\/2023\/07\/400-bt-test-report-600x459.jpg 600w\" data-sizes=\"(max-width: 750px) 100vw, 750px\" \/><\/div><div class=\"cz_hover_image\"><img loading=\"lazy\" decoding=\"async\" width=\"750\" height=\"574\" src=\"data:image\/svg+xml,%3Csvg%20xmlns%3D&#39;http%3A%2F%2Fwww.w3.org%2F2000%2Fsvg&#39;%20width=&#39;750&#39;%20height=&#39;574&#39;%20viewBox%3D&#39;0%200%20750%20574&#39;%2F%3E\" data-czlz data-src=\"https:\/\/www.cleverpolymers.com\/wp-content\/uploads\/2023\/07\/400-bt-test-report.jpg\" class=\"attachment-full\" alt=\"\" title=\"400-bt-test-report\" data-srcset=\"https:\/\/www.cleverpolymers.com\/wp-content\/uploads\/2023\/07\/400-bt-test-report.jpg 750w, https:\/\/www.cleverpolymers.com\/wp-content\/uploads\/2023\/07\/400-bt-test-report-300x230.jpg 300w, https:\/\/www.cleverpolymers.com\/wp-content\/uploads\/2023\/07\/400-bt-test-report-600x459.jpg 600w\" data-sizes=\"(max-width: 750px) 100vw, 750px\" \/><\/div><\/div><\/div><\/div><\/a>[\/vc_column][vc_column width=\u00bb1\/3&#8243;]<a href=\"\/PDF\/CERT\/TR\/Ce-Belgesi.pdf\"><div id=\"cz_87787\" class=\"cz_87787 cz_image clr cz_image_zoom_in center_on_mobile\"><div class=\"\" ><div class=\"cz_image_in\"><div class=\"cz_main_image\"><img loading=\"lazy\" decoding=\"async\" width=\"750\" height=\"574\" src=\"data:image\/svg+xml,%3Csvg%20xmlns%3D&#39;http%3A%2F%2Fwww.w3.org%2F2000%2Fsvg&#39;%20width=&#39;750&#39;%20height=&#39;574&#39;%20viewBox%3D&#39;0%200%20750%20574&#39;%2F%3E\" data-czlz data-src=\"https:\/\/www.cleverpolymers.com\/wp-content\/uploads\/2023\/07\/ce-certificates.jpg\" class=\"attachment-full\" alt=\"\" title=\"ce-certificates\" data-srcset=\"https:\/\/www.cleverpolymers.com\/wp-content\/uploads\/2023\/07\/ce-certificates.jpg 750w, https:\/\/www.cleverpolymers.com\/wp-content\/uploads\/2023\/07\/ce-certificates-300x230.jpg 300w, https:\/\/www.cleverpolymers.com\/wp-content\/uploads\/2023\/07\/ce-certificates-600x459.jpg 600w\" data-sizes=\"(max-width: 750px) 100vw, 750px\" \/><\/div><div class=\"cz_hover_image\"><img loading=\"lazy\" decoding=\"async\" width=\"750\" height=\"574\" src=\"data:image\/svg+xml,%3Csvg%20xmlns%3D&#39;http%3A%2F%2Fwww.w3.org%2F2000%2Fsvg&#39;%20width=&#39;750&#39;%20height=&#39;574&#39;%20viewBox%3D&#39;0%200%20750%20574&#39;%2F%3E\" data-czlz data-src=\"https:\/\/www.cleverpolymers.com\/wp-content\/uploads\/2023\/07\/ce-certificates.jpg\" class=\"attachment-full\" alt=\"\" title=\"ce-certificates\" data-srcset=\"https:\/\/www.cleverpolymers.com\/wp-content\/uploads\/2023\/07\/ce-certificates.jpg 750w, https:\/\/www.cleverpolymers.com\/wp-content\/uploads\/2023\/07\/ce-certificates-300x230.jpg 300w, https:\/\/www.cleverpolymers.com\/wp-content\/uploads\/2023\/07\/ce-certificates-600x459.jpg 600w\" data-sizes=\"(max-width: 750px) 100vw, 750px\" \/><\/div><\/div><\/div><\/div><\/a><div class=\"cz_gap clr \" style=\"height: 30px\"><\/div><a href=\"\/PDF\/CERT\/TR\/iso-45001.pdf\"><div id=\"cz_41238\" class=\"cz_41238 cz_image clr cz_image_zoom_in center_on_mobile\"><div class=\"\" ><div class=\"cz_image_in\"><div class=\"cz_main_image\"><img loading=\"lazy\" decoding=\"async\" width=\"750\" height=\"574\" src=\"data:image\/svg+xml,%3Csvg%20xmlns%3D&#39;http%3A%2F%2Fwww.w3.org%2F2000%2Fsvg&#39;%20width=&#39;750&#39;%20height=&#39;574&#39;%20viewBox%3D&#39;0%200%20750%20574&#39;%2F%3E\" data-czlz data-src=\"https:\/\/www.cleverpolymers.com\/wp-content\/uploads\/2023\/07\/iso-45001.jpg\" class=\"attachment-full\" alt=\"\" title=\"iso-45001\" data-srcset=\"https:\/\/www.cleverpolymers.com\/wp-content\/uploads\/2023\/07\/iso-45001.jpg 750w, https:\/\/www.cleverpolymers.com\/wp-content\/uploads\/2023\/07\/iso-45001-300x230.jpg 300w, https:\/\/www.cleverpolymers.com\/wp-content\/uploads\/2023\/07\/iso-45001-600x459.jpg 600w\" data-sizes=\"(max-width: 750px) 100vw, 750px\" \/><\/div><div class=\"cz_hover_image\"><img loading=\"lazy\" decoding=\"async\" width=\"750\" height=\"574\" src=\"data:image\/svg+xml,%3Csvg%20xmlns%3D&#39;http%3A%2F%2Fwww.w3.org%2F2000%2Fsvg&#39;%20width=&#39;750&#39;%20height=&#39;574&#39;%20viewBox%3D&#39;0%200%20750%20574&#39;%2F%3E\" data-czlz data-src=\"https:\/\/www.cleverpolymers.com\/wp-content\/uploads\/2023\/07\/iso-45001.jpg\" class=\"attachment-full\" alt=\"\" title=\"iso-45001\" data-srcset=\"https:\/\/www.cleverpolymers.com\/wp-content\/uploads\/2023\/07\/iso-45001.jpg 750w, https:\/\/www.cleverpolymers.com\/wp-content\/uploads\/2023\/07\/iso-45001-300x230.jpg 300w, https:\/\/www.cleverpolymers.com\/wp-content\/uploads\/2023\/07\/iso-45001-600x459.jpg 600w\" data-sizes=\"(max-width: 750px) 100vw, 750px\" \/><\/div><\/div><\/div><\/div><\/a><div class=\"cz_gap clr \" style=\"height: 30px\"><\/div><a href=\"\/PDF\/CERT\/TR\/TSE-Belgeleri.pdf\"><div id=\"cz_73994\" class=\"cz_73994 cz_image clr cz_image_zoom_in center_on_mobile\"><div class=\"\" ><div class=\"cz_image_in\"><div class=\"cz_main_image\"><img loading=\"lazy\" decoding=\"async\" width=\"750\" height=\"574\" src=\"data:image\/svg+xml,%3Csvg%20xmlns%3D&#39;http%3A%2F%2Fwww.w3.org%2F2000%2Fsvg&#39;%20width=&#39;750&#39;%20height=&#39;574&#39;%20viewBox%3D&#39;0%200%20750%20574&#39;%2F%3E\" data-czlz data-src=\"https:\/\/www.cleverpolymers.com\/wp-content\/uploads\/2023\/07\/tse-certificates.jpg\" class=\"attachment-full\" alt=\"\" title=\"tse-certificates\" data-srcset=\"https:\/\/www.cleverpolymers.com\/wp-content\/uploads\/2023\/07\/tse-certificates.jpg 750w, https:\/\/www.cleverpolymers.com\/wp-content\/uploads\/2023\/07\/tse-certificates-300x230.jpg 300w, https:\/\/www.cleverpolymers.com\/wp-content\/uploads\/2023\/07\/tse-certificates-600x459.jpg 600w\" data-sizes=\"(max-width: 750px) 100vw, 750px\" \/><\/div><div class=\"cz_hover_image\"><img loading=\"lazy\" decoding=\"async\" width=\"750\" height=\"574\" src=\"data:image\/svg+xml,%3Csvg%20xmlns%3D&#39;http%3A%2F%2Fwww.w3.org%2F2000%2Fsvg&#39;%20width=&#39;750&#39;%20height=&#39;574&#39;%20viewBox%3D&#39;0%200%20750%20574&#39;%2F%3E\" data-czlz data-src=\"https:\/\/www.cleverpolymers.com\/wp-content\/uploads\/2023\/07\/tse-certificates.jpg\" class=\"attachment-full\" alt=\"\" title=\"tse-certificates\" data-srcset=\"https:\/\/www.cleverpolymers.com\/wp-content\/uploads\/2023\/07\/tse-certificates.jpg 750w, https:\/\/www.cleverpolymers.com\/wp-content\/uploads\/2023\/07\/tse-certificates-300x230.jpg 300w, https:\/\/www.cleverpolymers.com\/wp-content\/uploads\/2023\/07\/tse-certificates-600x459.jpg 600w\" data-sizes=\"(max-width: 750px) 100vw, 750px\" \/><\/div><\/div><\/div><\/div><\/a><div class=\"cz_gap clr \" style=\"height: 30px\"><\/div><a href=\"\/PDF\/CERT\/TR\/tse-bitum-2k-plus-test-raporu.pdf\"><div id=\"cz_60875\" class=\"cz_60875 cz_image clr cz_image_zoom_in center_on_mobile\"><div class=\"\" ><div class=\"cz_image_in\"><div class=\"cz_main_image\"><img loading=\"lazy\" decoding=\"async\" width=\"750\" height=\"574\" src=\"data:image\/svg+xml,%3Csvg%20xmlns%3D&#39;http%3A%2F%2Fwww.w3.org%2F2000%2Fsvg&#39;%20width=&#39;750&#39;%20height=&#39;574&#39;%20viewBox%3D&#39;0%200%20750%20574&#39;%2F%3E\" data-czlz data-src=\"https:\/\/www.cleverpolymers.com\/wp-content\/uploads\/2023\/07\/tse-bitum-2k-plus.jpg\" class=\"attachment-full\" alt=\"\" title=\"tse-bit\u00fcm-2k-plus\" data-srcset=\"https:\/\/www.cleverpolymers.com\/wp-content\/uploads\/2023\/07\/tse-bitum-2k-plus.jpg 750w, https:\/\/www.cleverpolymers.com\/wp-content\/uploads\/2023\/07\/tse-bitum-2k-plus-300x230.jpg 300w, https:\/\/www.cleverpolymers.com\/wp-content\/uploads\/2023\/07\/tse-bitum-2k-plus-600x459.jpg 600w\" data-sizes=\"(max-width: 750px) 100vw, 750px\" \/><\/div><div class=\"cz_hover_image\"><img loading=\"lazy\" decoding=\"async\" width=\"750\" height=\"574\" src=\"data:image\/svg+xml,%3Csvg%20xmlns%3D&#39;http%3A%2F%2Fwww.w3.org%2F2000%2Fsvg&#39;%20width=&#39;750&#39;%20height=&#39;574&#39;%20viewBox%3D&#39;0%200%20750%20574&#39;%2F%3E\" data-czlz data-src=\"https:\/\/www.cleverpolymers.com\/wp-content\/uploads\/2023\/07\/tse-bitum-2k-plus.jpg\" class=\"attachment-full\" alt=\"\" title=\"tse-bit\u00fcm-2k-plus\" data-srcset=\"https:\/\/www.cleverpolymers.com\/wp-content\/uploads\/2023\/07\/tse-bitum-2k-plus.jpg 750w, https:\/\/www.cleverpolymers.com\/wp-content\/uploads\/2023\/07\/tse-bitum-2k-plus-300x230.jpg 300w, https:\/\/www.cleverpolymers.com\/wp-content\/uploads\/2023\/07\/tse-bitum-2k-plus-600x459.jpg 600w\" data-sizes=\"(max-width: 750px) 100vw, 750px\" \/><\/div><\/div><\/div><\/div><\/a><div class=\"cz_gap clr \" style=\"height: 30px\"><\/div>[\/vc_column][vc_column width=\u00bb1\/3&#8243;]<a href=\"\/PDF\/CERT\/TR\/Gost.pdf\"><div id=\"cz_30474\" class=\"cz_30474 cz_image clr cz_image_zoom_in center_on_mobile\"><div class=\"\" ><div class=\"cz_image_in\"><div class=\"cz_main_image\"><img loading=\"lazy\" decoding=\"async\" width=\"750\" height=\"574\" src=\"data:image\/svg+xml,%3Csvg%20xmlns%3D&#39;http%3A%2F%2Fwww.w3.org%2F2000%2Fsvg&#39;%20width=&#39;750&#39;%20height=&#39;574&#39;%20viewBox%3D&#39;0%200%20750%20574&#39;%2F%3E\" data-czlz data-src=\"https:\/\/www.cleverpolymers.com\/wp-content\/uploads\/2023\/07\/gost-r-certificates.jpg\" class=\"attachment-full\" alt=\"\" title=\"gost-r-certificates\" data-srcset=\"https:\/\/www.cleverpolymers.com\/wp-content\/uploads\/2023\/07\/gost-r-certificates.jpg 750w, https:\/\/www.cleverpolymers.com\/wp-content\/uploads\/2023\/07\/gost-r-certificates-300x230.jpg 300w, https:\/\/www.cleverpolymers.com\/wp-content\/uploads\/2023\/07\/gost-r-certificates-600x459.jpg 600w\" data-sizes=\"(max-width: 750px) 100vw, 750px\" \/><\/div><div class=\"cz_hover_image\"><img loading=\"lazy\" decoding=\"async\" width=\"750\" height=\"574\" src=\"data:image\/svg+xml,%3Csvg%20xmlns%3D&#39;http%3A%2F%2Fwww.w3.org%2F2000%2Fsvg&#39;%20width=&#39;750&#39;%20height=&#39;574&#39;%20viewBox%3D&#39;0%200%20750%20574&#39;%2F%3E\" data-czlz data-src=\"https:\/\/www.cleverpolymers.com\/wp-content\/uploads\/2023\/07\/gost-r-certificates.jpg\" class=\"attachment-full\" alt=\"\" title=\"gost-r-certificates\" data-srcset=\"https:\/\/www.cleverpolymers.com\/wp-content\/uploads\/2023\/07\/gost-r-certificates.jpg 750w, https:\/\/www.cleverpolymers.com\/wp-content\/uploads\/2023\/07\/gost-r-certificates-300x230.jpg 300w, https:\/\/www.cleverpolymers.com\/wp-content\/uploads\/2023\/07\/gost-r-certificates-600x459.jpg 600w\" data-sizes=\"(max-width: 750px) 100vw, 750px\" \/><\/div><\/div><\/div><\/div><\/a><div class=\"cz_gap clr \" style=\"height: 30px\"><\/div><a href=\"\/PDF\/CERT\/TR\/iso-9001.pdf\"><div id=\"cz_64292\" class=\"cz_64292 cz_image clr cz_image_zoom_in center_on_mobile\"><div class=\"\" ><div class=\"cz_image_in\"><div class=\"cz_main_image\"><img loading=\"lazy\" decoding=\"async\" width=\"750\" height=\"574\" src=\"data:image\/svg+xml,%3Csvg%20xmlns%3D&#39;http%3A%2F%2Fwww.w3.org%2F2000%2Fsvg&#39;%20width=&#39;750&#39;%20height=&#39;574&#39;%20viewBox%3D&#39;0%200%20750%20574&#39;%2F%3E\" data-czlz data-src=\"https:\/\/www.cleverpolymers.com\/wp-content\/uploads\/2023\/07\/iso-9001.jpg\" class=\"attachment-full\" alt=\"\" title=\"iso-9001\" data-srcset=\"https:\/\/www.cleverpolymers.com\/wp-content\/uploads\/2023\/07\/iso-9001.jpg 750w, https:\/\/www.cleverpolymers.com\/wp-content\/uploads\/2023\/07\/iso-9001-300x230.jpg 300w, https:\/\/www.cleverpolymers.com\/wp-content\/uploads\/2023\/07\/iso-9001-600x459.jpg 600w\" data-sizes=\"(max-width: 750px) 100vw, 750px\" \/><\/div><div class=\"cz_hover_image\"><img loading=\"lazy\" decoding=\"async\" width=\"750\" height=\"574\" src=\"data:image\/svg+xml,%3Csvg%20xmlns%3D&#39;http%3A%2F%2Fwww.w3.org%2F2000%2Fsvg&#39;%20width=&#39;750&#39;%20height=&#39;574&#39;%20viewBox%3D&#39;0%200%20750%20574&#39;%2F%3E\" data-czlz data-src=\"https:\/\/www.cleverpolymers.com\/wp-content\/uploads\/2023\/07\/iso-9001.jpg\" class=\"attachment-full\" alt=\"\" title=\"iso-9001\" data-srcset=\"https:\/\/www.cleverpolymers.com\/wp-content\/uploads\/2023\/07\/iso-9001.jpg 750w, https:\/\/www.cleverpolymers.com\/wp-content\/uploads\/2023\/07\/iso-9001-300x230.jpg 300w, https:\/\/www.cleverpolymers.com\/wp-content\/uploads\/2023\/07\/iso-9001-600x459.jpg 600w\" data-sizes=\"(max-width: 750px) 100vw, 750px\" \/><\/div><\/div><\/div><\/div><\/a><div class=\"cz_gap clr \" style=\"height: 30px\"><\/div><a href=\"\/PDF\/CERT\/TR\/SGR.pdf\"><div id=\"cz_36598\" class=\"cz_36598 cz_image clr cz_image_zoom_in center_on_mobile\"><div class=\"\" ><div class=\"cz_image_in\"><div class=\"cz_main_image\"><img loading=\"lazy\" decoding=\"async\" width=\"750\" height=\"574\" src=\"data:image\/svg+xml,%3Csvg%20xmlns%3D&#39;http%3A%2F%2Fwww.w3.org%2F2000%2Fsvg&#39;%20width=&#39;750&#39;%20height=&#39;574&#39;%20viewBox%3D&#39;0%200%20750%20574&#39;%2F%3E\" data-czlz data-src=\"https:\/\/www.cleverpolymers.com\/wp-content\/uploads\/2023\/07\/sgr.jpg\" class=\"attachment-full\" alt=\"\" title=\"sgr\" data-srcset=\"https:\/\/www.cleverpolymers.com\/wp-content\/uploads\/2023\/07\/sgr.jpg 750w, https:\/\/www.cleverpolymers.com\/wp-content\/uploads\/2023\/07\/sgr-300x230.jpg 300w, https:\/\/www.cleverpolymers.com\/wp-content\/uploads\/2023\/07\/sgr-600x459.jpg 600w\" data-sizes=\"(max-width: 750px) 100vw, 750px\" \/><\/div><div class=\"cz_hover_image\"><img loading=\"lazy\" decoding=\"async\" width=\"750\" height=\"574\" src=\"data:image\/svg+xml,%3Csvg%20xmlns%3D&#39;http%3A%2F%2Fwww.w3.org%2F2000%2Fsvg&#39;%20width=&#39;750&#39;%20height=&#39;574&#39;%20viewBox%3D&#39;0%200%20750%20574&#39;%2F%3E\" data-czlz data-src=\"https:\/\/www.cleverpolymers.com\/wp-content\/uploads\/2023\/07\/sgr.jpg\" class=\"attachment-full\" alt=\"\" title=\"sgr\" data-srcset=\"https:\/\/www.cleverpolymers.com\/wp-content\/uploads\/2023\/07\/sgr.jpg 750w, https:\/\/www.cleverpolymers.com\/wp-content\/uploads\/2023\/07\/sgr-300x230.jpg 300w, https:\/\/www.cleverpolymers.com\/wp-content\/uploads\/2023\/07\/sgr-600x459.jpg 600w\" data-sizes=\"(max-width: 750px) 100vw, 750px\" \/><\/div><\/div><\/div><\/div><\/a><div class=\"cz_gap clr \" style=\"height: 30px\"><\/div>[\/vc_column][\/vc_row][vc_row][vc_column]<div class=\"cz_gap clr \" style=\"height: 25px\"><\/div><div id=\"cz_29018\" class=\"cz_29018 cz_title clr cz_title_pos_inline\"><div class=\"cz_title_content\"><div class=\"cz_wpe_content\"><p style=\"margin: 0cm; margin-bottom: .0001pt; vertical-align: middle;\"><span style=\"letter-spacing: -.75pt;\">Estamos felices de compartir todas nuestras certificaciones con nuestros clientes, como muestra de nuestro servicio. Siempre ha sido uno de nuestros objetivos m\u00e1s importantes garantizar el servicio que ha solicitado y nunca sacrificar la calidad. Con los sistemas de gesti\u00f3n de calidad como ISO 14001-9001 y OHSAS 18001, mantenemos nuestro negocio con gran atenci\u00f3n. La calidad de nuestros materiales ha pasado por todas las aprobaciones y estamos certificados seg\u00fan nuestro est\u00e1ndar de sistema de gesti\u00f3n ambiental y certificados, incluso probados. La prioridad de nuestra empresa es siempre brindar un servicio confiable y de la m\u00e1s alta calidad sin da\u00f1ar la naturaleza.<\/span><\/p>\n<aside class=\"col s4 sidebar_primary\"><\/aside>\n<\/div><\/div><\/div>[\/vc_column][\/vc_row]<\/p>\n<\/div>","protected":false},"excerpt":{"rendered":"<p>[vc_row][vc_column w &#8230; <\/p>\n","protected":false},"author":2,"featured_media":0,"parent":0,"menu_order":0,"comment_status":"closed","ping_status":"closed","template":"","meta":{"footnotes":""},"class_list":["post-951","page","type-page","status-publish","hentry"],"yoast_head":"<!-- This site is optimized with the Yoast SEO plugin v22.3 - https:\/\/yoast.com\/wordpress\/plugins\/seo\/ -->\n<title>Certificados &#187; Clever Polymers<\/title>\n<meta name=\"robots\" content=\"index, follow, max-snippet:-1, max-image-preview:large, max-video-preview:-1\" \/>\n<link rel=\"canonical\" href=\"https:\/\/www.cleverpolymers.com\/es\/certificates\/\" \/>\n<meta property=\"og:locale\" content=\"es_ES\" \/>\n<meta property=\"og:type\" content=\"article\" \/>\n<meta property=\"og:title\" content=\"Certificados &#187; Clever Polymers\" \/>\n<meta property=\"og:description\" content=\"[vc_row][vc_column w ...\" \/>\n<meta property=\"og:url\" content=\"https:\/\/www.cleverpolymers.com\/es\/certificates\/\" \/>\n<meta property=\"og:site_name\" content=\"Clever Polymers\" \/>\n<meta property=\"article:modified_time\" content=\"2023-07-26T07:06:46+00:00\" \/>\n<meta name=\"twitter:card\" content=\"summary_large_image\" \/>\n<meta name=\"twitter:label1\" content=\"Tiempo de lectura\" \/>\n\t<meta name=\"twitter:data1\" content=\"3 minutos\" \/>\n<script type=\"application\/ld+json\" class=\"yoast-schema-graph\">{\"@context\":\"https:\/\/schema.org\",\"@graph\":[{\"@type\":\"WebPage\",\"@id\":\"https:\/\/www.cleverpolymers.com\/es\/certificates\/\",\"url\":\"https:\/\/www.cleverpolymers.com\/es\/certificates\/\",\"name\":\"Certificados &#187; Clever Polymers\",\"isPartOf\":{\"@id\":\"https:\/\/www.cleverpolymers.com\/#website\"},\"datePublished\":\"2021-05-03T21:48:56+00:00\",\"dateModified\":\"2023-07-26T07:06:46+00:00\",\"breadcrumb\":{\"@id\":\"https:\/\/www.cleverpolymers.com\/es\/certificates\/#breadcrumb\"},\"inLanguage\":\"es\",\"potentialAction\":[{\"@type\":\"ReadAction\",\"target\":[\"https:\/\/www.cleverpolymers.com\/es\/certificates\/\"]}]},{\"@type\":\"BreadcrumbList\",\"@id\":\"https:\/\/www.cleverpolymers.com\/es\/certificates\/#breadcrumb\",\"itemListElement\":[{\"@type\":\"ListItem\",\"position\":1,\"name\":\"Anasayfa\",\"item\":\"https:\/\/www.cleverpolymers.com\/es\/\"},{\"@type\":\"ListItem\",\"position\":2,\"name\":\"Certificados\"}]},{\"@type\":\"WebSite\",\"@id\":\"https:\/\/www.cleverpolymers.com\/#website\",\"url\":\"https:\/\/www.cleverpolymers.com\/\",\"name\":\"Clever Polymers\",\"description\":\"\",\"potentialAction\":[{\"@type\":\"SearchAction\",\"target\":{\"@type\":\"EntryPoint\",\"urlTemplate\":\"https:\/\/www.cleverpolymers.com\/?s={search_term_string}\"},\"query-input\":\"required name=search_term_string\"}],\"inLanguage\":\"es\"}]}<\/script>\n<!-- \/ Yoast SEO plugin. -->","yoast_head_json":{"title":"Certificados &#187; Clever Polymers","robots":{"index":"index","follow":"follow","max-snippet":"max-snippet:-1","max-image-preview":"max-image-preview:large","max-video-preview":"max-video-preview:-1"},"canonical":"https:\/\/www.cleverpolymers.com\/es\/certificates\/","og_locale":"es_ES","og_type":"article","og_title":"Certificados &#187; Clever Polymers","og_description":"[vc_row][vc_column w ...","og_url":"https:\/\/www.cleverpolymers.com\/es\/certificates\/","og_site_name":"Clever Polymers","article_modified_time":"2023-07-26T07:06:46+00:00","twitter_card":"summary_large_image","twitter_misc":{"Tiempo de lectura":"3 minutos"},"schema":{"@context":"https:\/\/schema.org","@graph":[{"@type":"WebPage","@id":"https:\/\/www.cleverpolymers.com\/es\/certificates\/","url":"https:\/\/www.cleverpolymers.com\/es\/certificates\/","name":"Certificados &#187; Clever Polymers","isPartOf":{"@id":"https:\/\/www.cleverpolymers.com\/#website"},"datePublished":"2021-05-03T21:48:56+00:00","dateModified":"2023-07-26T07:06:46+00:00","breadcrumb":{"@id":"https:\/\/www.cleverpolymers.com\/es\/certificates\/#breadcrumb"},"inLanguage":"es","potentialAction":[{"@type":"ReadAction","target":["https:\/\/www.cleverpolymers.com\/es\/certificates\/"]}]},{"@type":"BreadcrumbList","@id":"https:\/\/www.cleverpolymers.com\/es\/certificates\/#breadcrumb","itemListElement":[{"@type":"ListItem","position":1,"name":"Anasayfa","item":"https:\/\/www.cleverpolymers.com\/es\/"},{"@type":"ListItem","position":2,"name":"Certificados"}]},{"@type":"WebSite","@id":"https:\/\/www.cleverpolymers.com\/#website","url":"https:\/\/www.cleverpolymers.com\/","name":"Clever Polymers","description":"","potentialAction":[{"@type":"SearchAction","target":{"@type":"EntryPoint","urlTemplate":"https:\/\/www.cleverpolymers.com\/?s={search_term_string}"},"query-input":"required name=search_term_string"}],"inLanguage":"es"}]}},"_links":{"self":[{"href":"https:\/\/www.cleverpolymers.com\/es\/wp-json\/wp\/v2\/pages\/951","targetHints":{"allow":["GET"]}}],"collection":[{"href":"https:\/\/www.cleverpolymers.com\/es\/wp-json\/wp\/v2\/pages"}],"about":[{"href":"https:\/\/www.cleverpolymers.com\/es\/wp-json\/wp\/v2\/types\/page"}],"author":[{"embeddable":true,"href":"https:\/\/www.cleverpolymers.com\/es\/wp-json\/wp\/v2\/users\/2"}],"replies":[{"embeddable":true,"href":"https:\/\/www.cleverpolymers.com\/es\/wp-json\/wp\/v2\/comments?post=951"}],"version-history":[{"count":0,"href":"https:\/\/www.cleverpolymers.com\/es\/wp-json\/wp\/v2\/pages\/951\/revisions"}],"wp:attachment":[{"href":"https:\/\/www.cleverpolymers.com\/es\/wp-json\/wp\/v2\/media?parent=951"}],"curies":[{"name":"wp","href":"https:\/\/api.w.org\/{rel}","templated":true}]}}