{"id":927,"date":"2021-05-04T00:58:22","date_gmt":"2021-05-03T21:58:22","guid":{"rendered":"https:\/\/cleverpolymers.hostvimi.com\/epoxy-primers\/"},"modified":"2023-07-28T17:37:11","modified_gmt":"2023-07-28T14:37:11","slug":"epoxy-primers","status":"publish","type":"page","link":"https:\/\/www.cleverpolymers.com\/es\/epoxy-primers\/","title":{"rendered":"Imprimaciones Epoxi"},"content":{"rendered":"<div class=\"wpb-content-wrapper\"><p>[vc_row][vc_column]<div id=\"cz_33800\" class=\"cz_33800\"><div class=\"cz_grid cz_grid_1 clr cz_grid_c3 cz_grid_1_no_icon cz_grid_1_no_desc cz_grid_1_bot tac cz_grid_zin cz_meta_all_center\" data-atts='{\"action\":\"cz_ajax_posts\",\"post_class\":\"cz_grid_item\",\"post__in\":[\"918\",\" 924\",\" 921\",\" 2020\"],\"author__in\":null,\"nonce\":\"916822ee6c\",\"nonce_id\":\"cz_33800\",\"loadmore_end\":\"Not found more posts\",\"layout\":\"cz_grid_c3\",\"hover\":\"cz_grid_1_no_icon cz_grid_1_no_desc\",\"image_size\":\"1000x1000\",\"subtitles\":\"%5B%7B%22t%22%3A%22date%22%7D%5D\",\"subtitle_pos\":\"\",\"icon\":\"\",\"el\":\"\",\"title_lenght\":\"\",\"cat_tax\":\"category\",\"cat\":\"\",\"cat_exclude\":\"\",\"tag_tax\":\"post_tag\",\"tag_id\":\"\",\"tag_exclude\":\"\",\"post_type\":\"page\",\"posts_per_page\":\"\",\"order\":\"ASC\",\"orderby\":\"date\",\"tilt_data\":null,\"svg_sizes\":[\"0\",\"0\"],\"img_fx\":\"cz_grid_shine\",\"custom_size\":\"1000x1000\",\"excerpt_rm\":false,\"title_tag\":\"h3\",\"s\":\"\",\"lang\":\"es\"}' data-animation=\"cz_grid_anim_fade_in\"><div class=\"cz_grid_item cz_grid_first\"><\/div><div class=\"cz_grid_item\">Not found any posts in this category.<\/div><\/div><\/div>[\/vc_column][\/vc_row][vc_row][vc_column]<div id=\"cz_106031\" class=\"cz_106031 cz_title clr cz_title_pos_inline\"><div class=\"cz_title_content\"><div class=\"cz_wpe_content\"><p>Las imprimaciones ep\u00f3xicas pueden adherirse fuertemente al hormig\u00f3n y tambi\u00e9n son resistentes a productos qu\u00edmicos y \u00e1cidos durante un per\u00edodo prolongado. Son de dos grados, se aplican sobre las grietas de la superficie y son capaces de rellenar muy bien las grietas. Son de alta construcci\u00f3n y se utilizan principalmente en las industrias de la construcci\u00f3n, marina y qu\u00edmica. Puede encontrar m\u00e1s detalles sobre las imprimaciones epoxi en nuestro sitio web.<\/p>\n<\/div><\/div><\/div>[\/vc_column][\/vc_row]<\/p>\n<\/div>","protected":false},"excerpt":{"rendered":"<p>[vc_row][vc_column][ &#8230; <\/p>\n","protected":false},"author":2,"featured_media":0,"parent":0,"menu_order":0,"comment_status":"closed","ping_status":"closed","template":"","meta":{"footnotes":""},"class_list":["post-927","page","type-page","status-publish","hentry"],"yoast_head":"<!-- This site is optimized with the Yoast SEO plugin v22.3 - https:\/\/yoast.com\/wordpress\/plugins\/seo\/ -->\n<title>Imprimaciones Epoxi &#187; Clever Polymers<\/title>\n<meta name=\"robots\" content=\"index, follow, max-snippet:-1, max-image-preview:large, max-video-preview:-1\" \/>\n<link rel=\"canonical\" href=\"https:\/\/www.cleverpolymers.com\/es\/epoxy-primers\/\" \/>\n<meta property=\"og:locale\" content=\"es_ES\" \/>\n<meta property=\"og:type\" content=\"article\" \/>\n<meta property=\"og:title\" content=\"Imprimaciones Epoxi &#187; Clever Polymers\" \/>\n<meta property=\"og:description\" content=\"[vc_row][vc_column][ ...\" \/>\n<meta property=\"og:url\" content=\"https:\/\/www.cleverpolymers.com\/es\/epoxy-primers\/\" \/>\n<meta property=\"og:site_name\" content=\"Clever Polymers\" \/>\n<meta property=\"article:modified_time\" content=\"2023-07-28T14:37:11+00:00\" \/>\n<meta name=\"twitter:card\" content=\"summary_large_image\" \/>\n<meta name=\"twitter:label1\" content=\"Tiempo de lectura\" \/>\n\t<meta name=\"twitter:data1\" content=\"1 minuto\" \/>\n<script type=\"application\/ld+json\" class=\"yoast-schema-graph\">{\"@context\":\"https:\/\/schema.org\",\"@graph\":[{\"@type\":\"WebPage\",\"@id\":\"https:\/\/www.cleverpolymers.com\/es\/epoxy-primers\/\",\"url\":\"https:\/\/www.cleverpolymers.com\/es\/epoxy-primers\/\",\"name\":\"Imprimaciones Epoxi &#187; Clever Polymers\",\"isPartOf\":{\"@id\":\"https:\/\/www.cleverpolymers.com\/#website\"},\"datePublished\":\"2021-05-03T21:58:22+00:00\",\"dateModified\":\"2023-07-28T14:37:11+00:00\",\"breadcrumb\":{\"@id\":\"https:\/\/www.cleverpolymers.com\/es\/epoxy-primers\/#breadcrumb\"},\"inLanguage\":\"es\",\"potentialAction\":[{\"@type\":\"ReadAction\",\"target\":[\"https:\/\/www.cleverpolymers.com\/es\/epoxy-primers\/\"]}]},{\"@type\":\"BreadcrumbList\",\"@id\":\"https:\/\/www.cleverpolymers.com\/es\/epoxy-primers\/#breadcrumb\",\"itemListElement\":[{\"@type\":\"ListItem\",\"position\":1,\"name\":\"Anasayfa\",\"item\":\"https:\/\/www.cleverpolymers.com\/es\/\"},{\"@type\":\"ListItem\",\"position\":2,\"name\":\"Imprimaciones Epoxi\"}]},{\"@type\":\"WebSite\",\"@id\":\"https:\/\/www.cleverpolymers.com\/#website\",\"url\":\"https:\/\/www.cleverpolymers.com\/\",\"name\":\"Clever Polymers\",\"description\":\"\",\"potentialAction\":[{\"@type\":\"SearchAction\",\"target\":{\"@type\":\"EntryPoint\",\"urlTemplate\":\"https:\/\/www.cleverpolymers.com\/?s={search_term_string}\"},\"query-input\":\"required name=search_term_string\"}],\"inLanguage\":\"es\"}]}<\/script>\n<!-- \/ Yoast SEO plugin. -->","yoast_head_json":{"title":"Imprimaciones Epoxi &#187; Clever Polymers","robots":{"index":"index","follow":"follow","max-snippet":"max-snippet:-1","max-image-preview":"max-image-preview:large","max-video-preview":"max-video-preview:-1"},"canonical":"https:\/\/www.cleverpolymers.com\/es\/epoxy-primers\/","og_locale":"es_ES","og_type":"article","og_title":"Imprimaciones Epoxi &#187; Clever Polymers","og_description":"[vc_row][vc_column][ ...","og_url":"https:\/\/www.cleverpolymers.com\/es\/epoxy-primers\/","og_site_name":"Clever Polymers","article_modified_time":"2023-07-28T14:37:11+00:00","twitter_card":"summary_large_image","twitter_misc":{"Tiempo de lectura":"1 minuto"},"schema":{"@context":"https:\/\/schema.org","@graph":[{"@type":"WebPage","@id":"https:\/\/www.cleverpolymers.com\/es\/epoxy-primers\/","url":"https:\/\/www.cleverpolymers.com\/es\/epoxy-primers\/","name":"Imprimaciones Epoxi &#187; Clever Polymers","isPartOf":{"@id":"https:\/\/www.cleverpolymers.com\/#website"},"datePublished":"2021-05-03T21:58:22+00:00","dateModified":"2023-07-28T14:37:11+00:00","breadcrumb":{"@id":"https:\/\/www.cleverpolymers.com\/es\/epoxy-primers\/#breadcrumb"},"inLanguage":"es","potentialAction":[{"@type":"ReadAction","target":["https:\/\/www.cleverpolymers.com\/es\/epoxy-primers\/"]}]},{"@type":"BreadcrumbList","@id":"https:\/\/www.cleverpolymers.com\/es\/epoxy-primers\/#breadcrumb","itemListElement":[{"@type":"ListItem","position":1,"name":"Anasayfa","item":"https:\/\/www.cleverpolymers.com\/es\/"},{"@type":"ListItem","position":2,"name":"Imprimaciones Epoxi"}]},{"@type":"WebSite","@id":"https:\/\/www.cleverpolymers.com\/#website","url":"https:\/\/www.cleverpolymers.com\/","name":"Clever Polymers","description":"","potentialAction":[{"@type":"SearchAction","target":{"@type":"EntryPoint","urlTemplate":"https:\/\/www.cleverpolymers.com\/?s={search_term_string}"},"query-input":"required name=search_term_string"}],"inLanguage":"es"}]}},"_links":{"self":[{"href":"https:\/\/www.cleverpolymers.com\/es\/wp-json\/wp\/v2\/pages\/927","targetHints":{"allow":["GET"]}}],"collection":[{"href":"https:\/\/www.cleverpolymers.com\/es\/wp-json\/wp\/v2\/pages"}],"about":[{"href":"https:\/\/www.cleverpolymers.com\/es\/wp-json\/wp\/v2\/types\/page"}],"author":[{"embeddable":true,"href":"https:\/\/www.cleverpolymers.com\/es\/wp-json\/wp\/v2\/users\/2"}],"replies":[{"embeddable":true,"href":"https:\/\/www.cleverpolymers.com\/es\/wp-json\/wp\/v2\/comments?post=927"}],"version-history":[{"count":0,"href":"https:\/\/www.cleverpolymers.com\/es\/wp-json\/wp\/v2\/pages\/927\/revisions"}],"wp:attachment":[{"href":"https:\/\/www.cleverpolymers.com\/es\/wp-json\/wp\/v2\/media?parent=927"}],"curies":[{"name":"wp","href":"https:\/\/api.w.org\/{rel}","templated":true}]}}