{"id":1888,"date":"2023-07-26T14:29:45","date_gmt":"2023-07-26T11:29:45","guid":{"rendered":"https:\/\/www.cleverpolymers.com\/polyurethane-waterproofing-membranes\/pu-smart-flex\/"},"modified":"2023-07-26T15:07:50","modified_gmt":"2023-07-26T12:07:50","slug":"pu-smart-flex","status":"publish","type":"page","link":"https:\/\/www.cleverpolymers.com\/es\/polyurethane-waterproofing-membranes\/pu-smart-flex\/","title":{"rendered":"PU SMART FLEX"},"content":{"rendered":"<div class=\"wpb-content-wrapper\"><p>[vc_row][vc_column]<div id=\"cz_99173\" class=\"cz_99173 cz_image clr cz_image_no_fx\"><div class=\"\" ><div class=\"cz_image_in\"><div class=\"cz_main_image\"><img fetchpriority=\"high\" decoding=\"async\" width=\"2000\" height=\"1125\" src=\"data:image\/svg+xml,%3Csvg%20xmlns%3D&#39;http%3A%2F%2Fwww.w3.org%2F2000%2Fsvg&#39;%20width=&#39;2000&#39;%20height=&#39;1125&#39;%20viewBox%3D&#39;0%200%202000%201125&#39;%2F%3E\" data-czlz data-src=\"https:\/\/www.cleverpolymers.com\/wp-content\/uploads\/2023\/07\/pu-smart-flex.jpg\" class=\"attachment-full\" alt=\"\" title=\"pu-smart-flex\" data-srcset=\"https:\/\/www.cleverpolymers.com\/wp-content\/uploads\/2023\/07\/pu-smart-flex.jpg 2000w, https:\/\/www.cleverpolymers.com\/wp-content\/uploads\/2023\/07\/pu-smart-flex-300x169.jpg 300w, https:\/\/www.cleverpolymers.com\/wp-content\/uploads\/2023\/07\/pu-smart-flex-1024x576.jpg 1024w, https:\/\/www.cleverpolymers.com\/wp-content\/uploads\/2023\/07\/pu-smart-flex-768x432.jpg 768w, https:\/\/www.cleverpolymers.com\/wp-content\/uploads\/2023\/07\/pu-smart-flex-1536x864.jpg 1536w, https:\/\/www.cleverpolymers.com\/wp-content\/uploads\/2023\/07\/pu-smart-flex-600x338.jpg 600w\" data-sizes=\"(max-width: 2000px) 100vw, 2000px\" \/><\/div><\/div><\/div><\/div><div class=\"cz_gap clr  hide_on_mobile\" style=\"height: 30px\"><\/div><div class=\"cz_gap show_on_mobile clr\" style=\"height: 15px\"><\/div><div class=\"\"><div class=\"cz_52755_p\"><a id=\"cz_52755\" class=\"cz_52755 cz_btn cz_btn_txt_no_fx cz_btn_no_fx cz_mobile_btn_center\" href=\"#\"><span><strong>Descripci\u00f3n<\/strong><\/span><b class=\"cz_btn_onhover\"><strong>Descripci\u00f3n<\/strong><\/b><\/a><\/div><\/div><div class=\"relative\"><div id=\"cz_65344\" class=\"cz_65344 cz_line tac\"><\/div><\/div><div class=\"clr\"><\/div><div class=\"cz_gap clr  hide_on_mobile\" style=\"height: 20px\"><\/div><div class=\"cz_gap show_on_mobile clr\" style=\"height: 15px\"><\/div><div id=\"cz_103382\" class=\"cz_103382 cz_title clr cz_title_pos_inline\"><div class=\"cz_title_content\"><div class=\"cz_wpe_content\"><p id=\"tw-target-text\" class=\"tw-data-text tw-text-large tw-ta\" dir=\"ltr\" data-placeholder=\"\u00c7eviri\"><span class=\"Y2IQFc\" lang=\"es\">PU SMART FLEX es una membrana l\u00edquida monocomponente a base de poliuretano\/poliurea, de aplicaci\u00f3n en fr\u00edo, especialmente desarrollada para el aislamiento de plataformas de puentes y lugares donde se requiera un alto desgaste. Proporciona una excelente elasticidad y puenteo de grietas a bajas y altas temperaturas.<\/span><\/p>\n<\/div><\/div><\/div><div class=\"cz_gap clr  hide_on_mobile\" style=\"height: 20px\"><\/div><div class=\"cz_gap show_on_mobile clr\" style=\"height: 15px\"><\/div>[vc_row_inner][vc_column_inner width=\u00bb1\/2&#8243;]<div class=\"\"><div class=\"cz_30414_p\"><a id=\"cz_30414\" class=\"cz_30414 cz_btn cz_btn_txt_no_fx cz_btn_no_fx cz_mobile_btn_center\" href=\"#\"><span><strong>Aplicaciones T\u00edpicas (Uso)<\/strong><\/span><b class=\"cz_btn_onhover\"><strong>Aplicaciones T\u00edpicas (Uso)<\/strong><\/b><\/a><\/div><\/div><div class=\"relative\"><div id=\"cz_43399\" class=\"cz_43399 cz_line tac\"><\/div><\/div><div class=\"clr\"><\/div><div class=\"cz_gap clr  hide_on_mobile\" style=\"height: 20px\"><\/div><div class=\"cz_gap show_on_mobile clr\" style=\"height: 15px\"><\/div><div id=\"cz_62779\" class=\"cz_62779 cz_title clr cz_title_pos_inline\"><div class=\"cz_title_content\"><div class=\"cz_wpe_content\"><p>\u2022 Plataformas de puentes, (Puentes de asfalto)<\/p>\n<p>\u2022 Pisos<\/p>\n<p>\u2022 Aplicaciones subterr\u00e1neas como t\u00faneles, plataformas de estacionamiento<\/p>\n<p>\u2022 Balcones y porches en la terraza<\/p>\n<p>\u2022 Se usa con la aplicaci\u00f3n de la capa superior en \u00e1reas de alto desgaste y tr\u00e1fico intenso<\/p>\n<\/div><\/div><\/div><div class=\"cz_gap clr  hide_on_mobile\" style=\"height: 20px\"><\/div><div class=\"cz_gap show_on_mobile clr\" style=\"height: 25px\"><\/div>[\/vc_column_inner][vc_column_inner width=\u00bb1\/2&#8243;]<div class=\"\"><div class=\"cz_12112_p\"><a id=\"cz_12112\" class=\"cz_12112 cz_btn cz_btn_txt_no_fx cz_btn_no_fx cz_mobile_btn_center\" href=\"#\"><span><strong>Embalaje y Colores<\/strong><\/span><b class=\"cz_btn_onhover\"><strong>Embalaje y Colores<\/strong><\/b><\/a><\/div><\/div><div class=\"relative\"><div id=\"cz_43399\" class=\"cz_43399 cz_line tac\"><\/div><\/div><div class=\"clr\"><\/div><div class=\"cz_gap clr  hide_on_mobile\" style=\"height: 20px\"><\/div><div class=\"cz_gap show_on_mobile clr\" style=\"height: 15px\"><\/div><div id=\"cz_38442\" class=\"cz_38442 cz_title clr cz_title_pos_inline\"><div class=\"cz_title_content\"><div class=\"cz_wpe_content\"><p>En Cubo Met\u00e1lico De 25 Kg, Color Gris.<\/p>\n<\/div><\/div><\/div><div class=\"cz_gap clr  hide_on_mobile\" style=\"height: 20px\"><\/div><div class=\"cz_gap show_on_mobile clr\" style=\"height: 15px\"><\/div><div class=\"relative\"><div id=\"cz_43399\" class=\"cz_43399 cz_line tac\"><\/div><\/div><div class=\"clr\"><\/div><div class=\"cz_gap clr  hide_on_mobile\" style=\"height: 30px\"><\/div><div class=\"cz_gap show_on_mobile clr\" style=\"height: 15px\"><\/div><div class=\"cz_btn_block\"><div class=\"cz_43371_p\"><a id=\"cz_43371\" class=\"cz_43371 cz_btn cz_btn_txt_no_fx cz_btn_no_fx\" href=\"\/PDF\/URUNLER\/EN\/pu-smart-flex.pdf\" title=\"TDS\" aria-label=\"TDS\"><span><i class=\"fa czico-075-news\"><\/i><strong>DOCUMENTO T\u00c9CNICO<\/strong><\/span><b class=\"cz_btn_onhover\"><i class=\"fa czico-075-news\"><\/i><strong>DOCUMENTO T\u00c9CNICO<\/strong><\/b><\/a><\/div><\/div><div class=\"cz_gap clr \" style=\"height: 25px\"><\/div><div class=\"cz_btn_block\"><div class=\"cz_23516_p\"><a id=\"cz_23516\" class=\"cz_23516 cz_btn cz_btn_txt_no_fx cz_btn_no_fx\" href=\"\/es\/contact\" title=\"CONTACTO\" aria-label=\"CONTACTO\"><span><i class=\"fa czico-088-envelope-of-white-paper\"><\/i><strong>CONTACTO<\/strong><\/span><b class=\"cz_btn_onhover\"><i class=\"fa czico-088-envelope-of-white-paper\"><\/i><strong>CONTACTO<\/strong><\/b><\/a><\/div><\/div>[\/vc_column_inner][\/vc_row_inner][\/vc_column][\/vc_row][vc_row][vc_column]<div class=\"cz_gap clr  hide_on_mobile\" style=\"height: 20px\"><\/div><div class=\"cz_gap show_on_mobile clr\" style=\"height: 25px\"><\/div><div class=\"relative\"><div id=\"cz_65344\" class=\"cz_65344 cz_line tac\"><\/div><\/div><div class=\"clr\"><\/div>[\/vc_column][\/vc_row][vc_row][vc_column][\/vc_column][\/vc_row]<\/p>\n<\/div>","protected":false},"excerpt":{"rendered":"<p>[vc_row][vc_column][ &#8230; <\/p>\n","protected":false},"author":2,"featured_media":1883,"parent":867,"menu_order":0,"comment_status":"closed","ping_status":"closed","template":"","meta":{"footnotes":""},"class_list":["post-1888","page","type-page","status-publish","has-post-thumbnail","hentry"],"yoast_head":"<!-- This site is optimized with the Yoast SEO plugin v22.3 - https:\/\/yoast.com\/wordpress\/plugins\/seo\/ -->\n<title>PU SMART FLEX &#187; Clever Polymers<\/title>\n<meta name=\"robots\" content=\"index, follow, max-snippet:-1, max-image-preview:large, max-video-preview:-1\" \/>\n<link rel=\"canonical\" href=\"https:\/\/www.cleverpolymers.com\/es\/polyurethane-waterproofing-membranes\/pu-smart-flex\/\" \/>\n<meta property=\"og:locale\" content=\"es_ES\" \/>\n<meta property=\"og:type\" content=\"article\" \/>\n<meta property=\"og:title\" content=\"PU SMART FLEX &#187; Clever Polymers\" \/>\n<meta property=\"og:description\" content=\"[vc_row][vc_column][ ...\" \/>\n<meta property=\"og:url\" content=\"https:\/\/www.cleverpolymers.com\/es\/polyurethane-waterproofing-membranes\/pu-smart-flex\/\" \/>\n<meta property=\"og:site_name\" content=\"Clever Polymers\" \/>\n<meta property=\"article:modified_time\" content=\"2023-07-26T12:07:50+00:00\" \/>\n<meta property=\"og:image\" content=\"https:\/\/www.cleverpolymers.com\/wp-content\/uploads\/2023\/07\/pu-smart-flex.jpg\" \/>\n\t<meta property=\"og:image:width\" content=\"2000\" \/>\n\t<meta property=\"og:image:height\" content=\"1125\" \/>\n\t<meta property=\"og:image:type\" content=\"image\/jpeg\" \/>\n<meta name=\"twitter:card\" content=\"summary_large_image\" \/>\n<meta name=\"twitter:label1\" content=\"Tiempo de lectura\" \/>\n\t<meta name=\"twitter:data1\" content=\"2 minutos\" \/>\n<script type=\"application\/ld+json\" class=\"yoast-schema-graph\">{\"@context\":\"https:\/\/schema.org\",\"@graph\":[{\"@type\":\"WebPage\",\"@id\":\"https:\/\/www.cleverpolymers.com\/es\/polyurethane-waterproofing-membranes\/pu-smart-flex\/\",\"url\":\"https:\/\/www.cleverpolymers.com\/es\/polyurethane-waterproofing-membranes\/pu-smart-flex\/\",\"name\":\"PU SMART FLEX &#187; Clever Polymers\",\"isPartOf\":{\"@id\":\"https:\/\/www.cleverpolymers.com\/#website\"},\"primaryImageOfPage\":{\"@id\":\"https:\/\/www.cleverpolymers.com\/es\/polyurethane-waterproofing-membranes\/pu-smart-flex\/#primaryimage\"},\"image\":{\"@id\":\"https:\/\/www.cleverpolymers.com\/es\/polyurethane-waterproofing-membranes\/pu-smart-flex\/#primaryimage\"},\"thumbnailUrl\":\"https:\/\/www.cleverpolymers.com\/wp-content\/uploads\/2023\/07\/pu-smart-flex.jpg\",\"datePublished\":\"2023-07-26T11:29:45+00:00\",\"dateModified\":\"2023-07-26T12:07:50+00:00\",\"breadcrumb\":{\"@id\":\"https:\/\/www.cleverpolymers.com\/es\/polyurethane-waterproofing-membranes\/pu-smart-flex\/#breadcrumb\"},\"inLanguage\":\"es\",\"potentialAction\":[{\"@type\":\"ReadAction\",\"target\":[\"https:\/\/www.cleverpolymers.com\/es\/polyurethane-waterproofing-membranes\/pu-smart-flex\/\"]}]},{\"@type\":\"ImageObject\",\"inLanguage\":\"es\",\"@id\":\"https:\/\/www.cleverpolymers.com\/es\/polyurethane-waterproofing-membranes\/pu-smart-flex\/#primaryimage\",\"url\":\"https:\/\/www.cleverpolymers.com\/wp-content\/uploads\/2023\/07\/pu-smart-flex.jpg\",\"contentUrl\":\"https:\/\/www.cleverpolymers.com\/wp-content\/uploads\/2023\/07\/pu-smart-flex.jpg\",\"width\":2000,\"height\":1125},{\"@type\":\"BreadcrumbList\",\"@id\":\"https:\/\/www.cleverpolymers.com\/es\/polyurethane-waterproofing-membranes\/pu-smart-flex\/#breadcrumb\",\"itemListElement\":[{\"@type\":\"ListItem\",\"position\":1,\"name\":\"Anasayfa\",\"item\":\"https:\/\/www.cleverpolymers.com\/es\/\"},{\"@type\":\"ListItem\",\"position\":2,\"name\":\"Membranas Impermeabilizantes de Poliuretano\",\"item\":\"https:\/\/www.cleverpolymers.com\/es\/polyurethane-waterproofing-membranes\/\"},{\"@type\":\"ListItem\",\"position\":3,\"name\":\"PU SMART FLEX\"}]},{\"@type\":\"WebSite\",\"@id\":\"https:\/\/www.cleverpolymers.com\/#website\",\"url\":\"https:\/\/www.cleverpolymers.com\/\",\"name\":\"Clever Polymers\",\"description\":\"\",\"potentialAction\":[{\"@type\":\"SearchAction\",\"target\":{\"@type\":\"EntryPoint\",\"urlTemplate\":\"https:\/\/www.cleverpolymers.com\/?s={search_term_string}\"},\"query-input\":\"required name=search_term_string\"}],\"inLanguage\":\"es\"}]}<\/script>\n<!-- \/ Yoast SEO plugin. -->","yoast_head_json":{"title":"PU SMART FLEX &#187; Clever Polymers","robots":{"index":"index","follow":"follow","max-snippet":"max-snippet:-1","max-image-preview":"max-image-preview:large","max-video-preview":"max-video-preview:-1"},"canonical":"https:\/\/www.cleverpolymers.com\/es\/polyurethane-waterproofing-membranes\/pu-smart-flex\/","og_locale":"es_ES","og_type":"article","og_title":"PU SMART FLEX &#187; Clever Polymers","og_description":"[vc_row][vc_column][ ...","og_url":"https:\/\/www.cleverpolymers.com\/es\/polyurethane-waterproofing-membranes\/pu-smart-flex\/","og_site_name":"Clever Polymers","article_modified_time":"2023-07-26T12:07:50+00:00","og_image":[{"width":2000,"height":1125,"url":"https:\/\/www.cleverpolymers.com\/wp-content\/uploads\/2023\/07\/pu-smart-flex.jpg","type":"image\/jpeg"}],"twitter_card":"summary_large_image","twitter_misc":{"Tiempo de lectura":"2 minutos"},"schema":{"@context":"https:\/\/schema.org","@graph":[{"@type":"WebPage","@id":"https:\/\/www.cleverpolymers.com\/es\/polyurethane-waterproofing-membranes\/pu-smart-flex\/","url":"https:\/\/www.cleverpolymers.com\/es\/polyurethane-waterproofing-membranes\/pu-smart-flex\/","name":"PU SMART FLEX &#187; Clever Polymers","isPartOf":{"@id":"https:\/\/www.cleverpolymers.com\/#website"},"primaryImageOfPage":{"@id":"https:\/\/www.cleverpolymers.com\/es\/polyurethane-waterproofing-membranes\/pu-smart-flex\/#primaryimage"},"image":{"@id":"https:\/\/www.cleverpolymers.com\/es\/polyurethane-waterproofing-membranes\/pu-smart-flex\/#primaryimage"},"thumbnailUrl":"https:\/\/www.cleverpolymers.com\/wp-content\/uploads\/2023\/07\/pu-smart-flex.jpg","datePublished":"2023-07-26T11:29:45+00:00","dateModified":"2023-07-26T12:07:50+00:00","breadcrumb":{"@id":"https:\/\/www.cleverpolymers.com\/es\/polyurethane-waterproofing-membranes\/pu-smart-flex\/#breadcrumb"},"inLanguage":"es","potentialAction":[{"@type":"ReadAction","target":["https:\/\/www.cleverpolymers.com\/es\/polyurethane-waterproofing-membranes\/pu-smart-flex\/"]}]},{"@type":"ImageObject","inLanguage":"es","@id":"https:\/\/www.cleverpolymers.com\/es\/polyurethane-waterproofing-membranes\/pu-smart-flex\/#primaryimage","url":"https:\/\/www.cleverpolymers.com\/wp-content\/uploads\/2023\/07\/pu-smart-flex.jpg","contentUrl":"https:\/\/www.cleverpolymers.com\/wp-content\/uploads\/2023\/07\/pu-smart-flex.jpg","width":2000,"height":1125},{"@type":"BreadcrumbList","@id":"https:\/\/www.cleverpolymers.com\/es\/polyurethane-waterproofing-membranes\/pu-smart-flex\/#breadcrumb","itemListElement":[{"@type":"ListItem","position":1,"name":"Anasayfa","item":"https:\/\/www.cleverpolymers.com\/es\/"},{"@type":"ListItem","position":2,"name":"Membranas Impermeabilizantes de Poliuretano","item":"https:\/\/www.cleverpolymers.com\/es\/polyurethane-waterproofing-membranes\/"},{"@type":"ListItem","position":3,"name":"PU SMART FLEX"}]},{"@type":"WebSite","@id":"https:\/\/www.cleverpolymers.com\/#website","url":"https:\/\/www.cleverpolymers.com\/","name":"Clever Polymers","description":"","potentialAction":[{"@type":"SearchAction","target":{"@type":"EntryPoint","urlTemplate":"https:\/\/www.cleverpolymers.com\/?s={search_term_string}"},"query-input":"required name=search_term_string"}],"inLanguage":"es"}]}},"_links":{"self":[{"href":"https:\/\/www.cleverpolymers.com\/es\/wp-json\/wp\/v2\/pages\/1888","targetHints":{"allow":["GET"]}}],"collection":[{"href":"https:\/\/www.cleverpolymers.com\/es\/wp-json\/wp\/v2\/pages"}],"about":[{"href":"https:\/\/www.cleverpolymers.com\/es\/wp-json\/wp\/v2\/types\/page"}],"author":[{"embeddable":true,"href":"https:\/\/www.cleverpolymers.com\/es\/wp-json\/wp\/v2\/users\/2"}],"replies":[{"embeddable":true,"href":"https:\/\/www.cleverpolymers.com\/es\/wp-json\/wp\/v2\/comments?post=1888"}],"version-history":[{"count":0,"href":"https:\/\/www.cleverpolymers.com\/es\/wp-json\/wp\/v2\/pages\/1888\/revisions"}],"up":[{"embeddable":true,"href":"https:\/\/www.cleverpolymers.com\/es\/wp-json\/wp\/v2\/pages\/867"}],"wp:featuredmedia":[{"embeddable":true,"href":"https:\/\/www.cleverpolymers.com\/es\/wp-json\/wp\/v2\/media\/1883"}],"wp:attachment":[{"href":"https:\/\/www.cleverpolymers.com\/es\/wp-json\/wp\/v2\/media?parent=1888"}],"curies":[{"name":"wp","href":"https:\/\/api.w.org\/{rel}","templated":true}]}}