{"id":507,"date":"2021-05-04T00:48:55","date_gmt":"2021-05-03T21:48:55","guid":{"rendered":"https:\/\/cleverpolymers.hostvimi.com\/referanslarimiz\/"},"modified":"2021-11-15T15:38:33","modified_gmt":"2021-11-15T12:38:33","slug":"references","status":"publish","type":"page","link":"https:\/\/www.cleverpolymers.com\/en\/references\/","title":{"rendered":"References"},"content":{"rendered":"<div class=\"wpb-content-wrapper\"><p>[vc_row][vc_column width=&#8221;1\/2&#8243;]<div class=\"cz_eqh cz_content_box_parent_fx  \"><div id=\"cz_52506\" class=\"cz_52506 cz_content_box clr fx_backed_fade_out_in cz_box_back_pos_mc cz_box_backed\"><div class=\"cz_box_front clr\"><div class=\"cz_box_front_inner clr \"><span><\/span><div><\/div><\/div><\/div><div class=\"cz_box_back clr\">\n\t\t\t\t<div class=\"cz_box_back_inner clr\">\n\t\t\t\t\t<div>\n\t\t\t\t\t\t<div class=\"cz_box_back_inner_position\">\n\t\t\t\t\t\t\t<div class=\"cz_box_back_title\">Sal\u0131 Pazar\u0131 - 2018<\/div>\n\t\t\t\t\t\t\t<div class=\"cz_box_back_content\">\u0130stanbul \u2013 2018<br \/>\nKullan\u0131lan \u00dcr\u00fcn: PU 400 BT \u2013 2K<br \/>\nM2: 44.000<\/div>\n\t\t\t\t\t\t\t\n\t\t\t\t\t\t<\/div>\n\t\t\t\t\t<\/div>\n\t\t\t\t<\/div>\n\t\t\t<\/div><\/div><\/div><div class=\"cz_gap clr \" style=\"height: 30px\"><\/div><div class=\"cz_eqh cz_content_box_parent_fx  \"><div id=\"cz_29475\" class=\"cz_29475 cz_content_box clr fx_backed_fade_out_in cz_box_back_pos_mc cz_box_backed\"><div class=\"cz_box_front clr\"><div class=\"cz_box_front_inner clr \"><span><\/span><div><\/div><\/div><\/div><div class=\"cz_box_back clr\">\n\t\t\t\t<div class=\"cz_box_back_inner clr\">\n\t\t\t\t\t<div>\n\t\t\t\t\t\t<div class=\"cz_box_back_inner_position\">\n\t\t\t\t\t\t\t<div class=\"cz_box_back_title\">Yeni Mahalle 294 \u2013 2017<\/div>\n\t\t\t\t\t\t\t<div class=\"cz_box_back_content\">Ankara 2017<br \/>\nKullan\u0131lan \u00dcr\u00fcn: PU 400 BT \u2013 2K<br \/>\nM2: 7.500<\/div>\n\t\t\t\t\t\t\t\n\t\t\t\t\t\t<\/div>\n\t\t\t\t\t<\/div>\n\t\t\t\t<\/div>\n\t\t\t<\/div><\/div><\/div><div class=\"cz_gap clr \" style=\"height: 30px\"><\/div><div class=\"cz_eqh cz_content_box_parent_fx  \"><div id=\"cz_36808\" class=\"cz_36808 cz_content_box clr fx_backed_fade_out_in cz_box_back_pos_mc cz_box_backed\"><div class=\"cz_box_front clr\"><div class=\"cz_box_front_inner clr \"><span><\/span><div><\/div><\/div><\/div><div class=\"cz_box_back clr\">\n\t\t\t\t<div class=\"cz_box_back_inner clr\">\n\t\t\t\t\t<div>\n\t\t\t\t\t\t<div class=\"cz_box_back_inner_position\">\n\t\t\t\t\t\t\t<div class=\"cz_box_back_title\">Acar Blue Kuleleri - 2016<\/div>\n\t\t\t\t\t\t\t<div class=\"cz_box_back_content\">\u0130stanbul \u2013 2018<br \/>\nKullan\u0131lan \u00dcr\u00fcn: Clever PU 400 BT \u2013 2K<br \/>\nM2: 44.000<\/div>\n\t\t\t\t\t\t\t\n\t\t\t\t\t\t<\/div>\n\t\t\t\t\t<\/div>\n\t\t\t\t<\/div>\n\t\t\t<\/div><\/div><\/div><div class=\"cz_gap clr \" style=\"height: 30px\"><\/div>[\/vc_column][vc_column width=&#8221;1\/2&#8243;]<div class=\"cz_eqh cz_content_box_parent_fx  \"><div id=\"cz_65864\" class=\"cz_65864 cz_content_box clr fx_backed_fade_out_in cz_box_back_pos_mc cz_box_backed\"><div class=\"cz_box_front clr\"><div class=\"cz_box_front_inner clr \"><span><\/span><div><\/div><\/div><\/div><div class=\"cz_box_back clr\">\n\t\t\t\t<div class=\"cz_box_back_inner clr\">\n\t\t\t\t\t<div>\n\t\t\t\t\t\t<div class=\"cz_box_back_inner_position\">\n\t\t\t\t\t\t\t<div class=\"cz_box_back_title\">Essenora \u2013 2017<\/div>\n\t\t\t\t\t\t\t<div class=\"cz_box_back_content\">\u0130stanbul \u2013 2017<br \/>\nKullan\u0131lan \u00dcr\u00fcn: PU 120 \u2013 EP WBPR<br \/>\nM2: 3000<\/div>\n\t\t\t\t\t\t\t\n\t\t\t\t\t\t<\/div>\n\t\t\t\t\t<\/div>\n\t\t\t\t<\/div>\n\t\t\t<\/div><\/div><\/div><div class=\"cz_gap clr \" style=\"height: 30px\"><\/div><div class=\"cz_eqh cz_content_box_parent_fx  \"><div id=\"cz_77449\" class=\"cz_77449 cz_content_box clr fx_backed_fade_out_in cz_box_back_pos_mc cz_box_backed\"><div class=\"cz_box_front clr\"><div class=\"cz_box_front_inner clr \"><span><\/span><div><\/div><\/div><\/div><div class=\"cz_box_back clr\">\n\t\t\t\t<div class=\"cz_box_back_inner clr\">\n\t\t\t\t\t<div>\n\t\t\t\t\t\t<div class=\"cz_box_back_inner_position\">\n\t\t\t\t\t\t\t<div class=\"cz_box_back_title\">Trios 2023 \u2013 2017<\/div>\n\t\t\t\t\t\t\t<div class=\"cz_box_back_content\">\u0130stanbul \u2013 2017<br \/>\nKullan\u0131lan \u00dcr\u00fcn: PU 400 BT 2K \/ Primer<br \/>\nM2: 35.000<\/div>\n\t\t\t\t\t\t\t\n\t\t\t\t\t\t<\/div>\n\t\t\t\t\t<\/div>\n\t\t\t\t<\/div>\n\t\t\t<\/div><\/div><\/div><div class=\"cz_gap clr \" style=\"height: 30px\"><\/div><div class=\"cz_eqh cz_content_box_parent_fx  \"><div id=\"cz_109387\" class=\"cz_109387 cz_content_box clr fx_backed_fade_out_in cz_box_back_pos_mc cz_box_backed\"><div class=\"cz_box_front clr\"><div class=\"cz_box_front_inner clr \"><span><\/span><div><\/div><\/div><\/div><div class=\"cz_box_back clr\">\n\t\t\t\t<div class=\"cz_box_back_inner clr\">\n\t\t\t\t\t<div>\n\t\t\t\t\t\t<div class=\"cz_box_back_inner_position\">\n\t\t\t\t\t\t\t<div class=\"cz_box_back_title\">Vadi \u0130stanbul - 2016<\/div>\n\t\t\t\t\t\t\t<div class=\"cz_box_back_content\">\u0130stanbul \u2013 2016<br \/>\nKullan\u0131lan \u00dcr\u00fcn: Primer N \u2013 PU 25<br \/>\nM2: 30.000<\/div>\n\t\t\t\t\t\t\t\n\t\t\t\t\t\t<\/div>\n\t\t\t\t\t<\/div>\n\t\t\t\t<\/div>\n\t\t\t<\/div><\/div><\/div><div class=\"cz_gap clr \" style=\"height: 30px\"><\/div>[\/vc_column][\/vc_row][vc_row][vc_column]<div class=\"cz_btn_center\"><div class=\"cz_87705_p\"><a id=\"cz_87705\" class=\"cz_87705 cz_btn cz_btn_txt_no_fx cz_btn_no_fx\" href=\"\/PDF\/REFERANS\/EN\/Referans-EN.pdf\"><span><strong>All References<\/strong><\/span><b class=\"cz_btn_onhover\"><strong>All References<\/strong><\/b><\/a><\/div><\/div><div class=\"cz_gap clr \" style=\"height: 25px\"><\/div>[\/vc_column][\/vc_row][vc_row][vc_column]<div class=\"relative\"><div id=\"cz_46975\" class=\"cz_sep2 cz_sep2_23 cz_sep_top z99\"><svg preserveAspectRatio=\"none\" xmlns=\"http:\/\/www.w3.org\/2000\/svg\" width=\"100%\"  viewBox=\"0 0 1600 303\">\n\t\t\t\t\t\t\t<path style=\"fill:rgba(167,167,167,0.25)\" d=\"M1607,290.074V304H-7V290.1C800.5,270.593,800.5,0,800.5,0L1607,119h0L800.5,0S800.513,270.467,1607,290.074Z\"\/>\n\t\t\t\t\t\t\t<path style=\"fill:rgba(167,167,167,0.25)\" d=\"M1607,290.074V304H-7V290.1C800.5,270.593,800.5,66,800.5,66L1607,119h0L800.5,66S800.513,270.467,1607,290.074Z\"\/>\n\t\t\t\t\t\t\t<path style=\"fill:rgba(18,56,133,0.25)\" d=\"M1607,290.074V304H-7V290.1C800.5,270.593,800.5,119,800.5,119h0S800.513,270.467,1607,290.074Z\"\/>\n\t\t\t\t\t\t<\/svg><\/div><\/div><div class=\"cz_gap clr \" style=\"height: 25px\"><\/div><div id=\"cz_77868\" class=\"cz_77868 cz_title clr cz_title_pos_inline\"><div class=\"cz_title_content\"><div class=\"cz_wpe_content\"><p>Our referances Show our Company\u2019s vision very well. We can refer some of our projects : Toki Houses, Gyo houses, Turkish German Universityy, Essenora, Trio2023, Acar Blue Towers , Vadi \u0130stanbul , Saudi Aramco , Belgium Democo, Tiblisi Lift Project.<\/p>\n<\/div><\/div><\/div>[\/vc_column][\/vc_row]<\/p>\n<\/div>","protected":false},"excerpt":{"rendered":"<p>[vc_row][vc_column w &#8230; <\/p>\n","protected":false},"author":2,"featured_media":0,"parent":0,"menu_order":0,"comment_status":"closed","ping_status":"closed","template":"","meta":{"footnotes":""},"class_list":["post-507","page","type-page","status-publish","hentry"],"yoast_head":"<!-- This site is optimized with the Yoast SEO plugin v22.3 - https:\/\/yoast.com\/wordpress\/plugins\/seo\/ -->\n<title>References &#187; Clever Polymers<\/title>\n<meta name=\"robots\" content=\"index, follow, max-snippet:-1, max-image-preview:large, max-video-preview:-1\" \/>\n<link rel=\"canonical\" href=\"https:\/\/www.cleverpolymers.com\/en\/references\/\" \/>\n<meta property=\"og:locale\" content=\"en_US\" \/>\n<meta property=\"og:type\" content=\"article\" \/>\n<meta property=\"og:title\" content=\"References &#187; Clever Polymers\" \/>\n<meta property=\"og:description\" content=\"[vc_row][vc_column w ...\" \/>\n<meta property=\"og:url\" content=\"https:\/\/www.cleverpolymers.com\/en\/references\/\" \/>\n<meta property=\"og:site_name\" content=\"Clever Polymers\" \/>\n<meta property=\"article:modified_time\" content=\"2021-11-15T12:38:33+00:00\" \/>\n<meta name=\"twitter:card\" content=\"summary_large_image\" \/>\n<meta name=\"twitter:label1\" content=\"Est. reading time\" \/>\n\t<meta name=\"twitter:data1\" content=\"4 minutes\" \/>\n<script type=\"application\/ld+json\" class=\"yoast-schema-graph\">{\"@context\":\"https:\/\/schema.org\",\"@graph\":[{\"@type\":\"WebPage\",\"@id\":\"https:\/\/www.cleverpolymers.com\/en\/references\/\",\"url\":\"https:\/\/www.cleverpolymers.com\/en\/references\/\",\"name\":\"References &#187; Clever Polymers\",\"isPartOf\":{\"@id\":\"https:\/\/www.cleverpolymers.com\/#website\"},\"datePublished\":\"2021-05-03T21:48:55+00:00\",\"dateModified\":\"2021-11-15T12:38:33+00:00\",\"breadcrumb\":{\"@id\":\"https:\/\/www.cleverpolymers.com\/en\/references\/#breadcrumb\"},\"inLanguage\":\"en-US\",\"potentialAction\":[{\"@type\":\"ReadAction\",\"target\":[\"https:\/\/www.cleverpolymers.com\/en\/references\/\"]}]},{\"@type\":\"BreadcrumbList\",\"@id\":\"https:\/\/www.cleverpolymers.com\/en\/references\/#breadcrumb\",\"itemListElement\":[{\"@type\":\"ListItem\",\"position\":1,\"name\":\"Anasayfa\",\"item\":\"https:\/\/www.cleverpolymers.com\/en\/\"},{\"@type\":\"ListItem\",\"position\":2,\"name\":\"References\"}]},{\"@type\":\"WebSite\",\"@id\":\"https:\/\/www.cleverpolymers.com\/#website\",\"url\":\"https:\/\/www.cleverpolymers.com\/\",\"name\":\"Clever Polymers\",\"description\":\"\",\"potentialAction\":[{\"@type\":\"SearchAction\",\"target\":{\"@type\":\"EntryPoint\",\"urlTemplate\":\"https:\/\/www.cleverpolymers.com\/?s={search_term_string}\"},\"query-input\":\"required name=search_term_string\"}],\"inLanguage\":\"en-US\"}]}<\/script>\n<!-- \/ Yoast SEO plugin. -->","yoast_head_json":{"title":"References &#187; Clever Polymers","robots":{"index":"index","follow":"follow","max-snippet":"max-snippet:-1","max-image-preview":"max-image-preview:large","max-video-preview":"max-video-preview:-1"},"canonical":"https:\/\/www.cleverpolymers.com\/en\/references\/","og_locale":"en_US","og_type":"article","og_title":"References &#187; Clever Polymers","og_description":"[vc_row][vc_column w ...","og_url":"https:\/\/www.cleverpolymers.com\/en\/references\/","og_site_name":"Clever Polymers","article_modified_time":"2021-11-15T12:38:33+00:00","twitter_card":"summary_large_image","twitter_misc":{"Est. reading time":"4 minutes"},"schema":{"@context":"https:\/\/schema.org","@graph":[{"@type":"WebPage","@id":"https:\/\/www.cleverpolymers.com\/en\/references\/","url":"https:\/\/www.cleverpolymers.com\/en\/references\/","name":"References &#187; Clever Polymers","isPartOf":{"@id":"https:\/\/www.cleverpolymers.com\/#website"},"datePublished":"2021-05-03T21:48:55+00:00","dateModified":"2021-11-15T12:38:33+00:00","breadcrumb":{"@id":"https:\/\/www.cleverpolymers.com\/en\/references\/#breadcrumb"},"inLanguage":"en-US","potentialAction":[{"@type":"ReadAction","target":["https:\/\/www.cleverpolymers.com\/en\/references\/"]}]},{"@type":"BreadcrumbList","@id":"https:\/\/www.cleverpolymers.com\/en\/references\/#breadcrumb","itemListElement":[{"@type":"ListItem","position":1,"name":"Anasayfa","item":"https:\/\/www.cleverpolymers.com\/en\/"},{"@type":"ListItem","position":2,"name":"References"}]},{"@type":"WebSite","@id":"https:\/\/www.cleverpolymers.com\/#website","url":"https:\/\/www.cleverpolymers.com\/","name":"Clever Polymers","description":"","potentialAction":[{"@type":"SearchAction","target":{"@type":"EntryPoint","urlTemplate":"https:\/\/www.cleverpolymers.com\/?s={search_term_string}"},"query-input":"required name=search_term_string"}],"inLanguage":"en-US"}]}},"_links":{"self":[{"href":"https:\/\/www.cleverpolymers.com\/en\/wp-json\/wp\/v2\/pages\/507","targetHints":{"allow":["GET"]}}],"collection":[{"href":"https:\/\/www.cleverpolymers.com\/en\/wp-json\/wp\/v2\/pages"}],"about":[{"href":"https:\/\/www.cleverpolymers.com\/en\/wp-json\/wp\/v2\/types\/page"}],"author":[{"embeddable":true,"href":"https:\/\/www.cleverpolymers.com\/en\/wp-json\/wp\/v2\/users\/2"}],"replies":[{"embeddable":true,"href":"https:\/\/www.cleverpolymers.com\/en\/wp-json\/wp\/v2\/comments?post=507"}],"version-history":[{"count":0,"href":"https:\/\/www.cleverpolymers.com\/en\/wp-json\/wp\/v2\/pages\/507\/revisions"}],"wp:attachment":[{"href":"https:\/\/www.cleverpolymers.com\/en\/wp-json\/wp\/v2\/media?parent=507"}],"curies":[{"name":"wp","href":"https:\/\/api.w.org\/{rel}","templated":true}]}}